{"id":1056,"date":"2019-06-03T15:15:44","date_gmt":"2019-06-03T15:15:44","guid":{"rendered":"https:\/\/drricardoruz.com\/consultation\/"},"modified":"2023-09-13T13:26:24","modified_gmt":"2023-09-13T13:26:24","slug":"consultation","status":"publish","type":"page","link":"https:\/\/drricardoruz.com\/fr\/consultation\/","title":{"rendered":"CONSULTATION"},"content":{"rendered":"<p>[vc_row css_animation=\u00a0\u00bb\u00a0\u00bb row_type=\u00a0\u00bbrow\u00a0\u00bb use_row_as_full_screen_section=\u00a0\u00bbno\u00a0\u00bb type=\u00a0\u00bbfull_width\u00a0\u00bb angled_section=\u00a0\u00bbno\u00a0\u00bb text_align=\u00a0\u00bbleft\u00a0\u00bb background_image_as_pattern=\u00a0\u00bbwithout_pattern\u00a0\u00bb z_index=\u00a0\u00bb\u00a0\u00bb el_id=\u00a0\u00bbapp\u00a0\u00bb][vc_column width=\u00a0\u00bb1\/3&Prime; el_class=\u00a0\u00bbbook-photo-wrap\u00a0\u00bb css=\u00a0\u00bb.vc_custom_1559584939110{background-image: url(https:\/\/drricardoruz.com\/wp-content\/uploads\/2019\/06\/ruzzz.jpg?id=273) !important;}\u00a0\u00bb][\/vc_column][vc_column width=\u00a0\u00bb2\/3&Prime; el_class=\u00a0\u00bbapp-form-wrap\u00a0\u00bb][vc_column_text el_class=\u00a0\u00bbshedcons\u00a0\u00bb]<\/p>\n<h1>PRENDRE RENDEZ-VOUS POUR UNE CONSULTATION<\/h1>\n<p>Si vous pr\u00e9sentez les sympt\u00f4mes d&rsquo;un trouble veineux, le Dr Ricardo Ruz poss\u00e8de une vaste exp\u00e9rience en mati\u00e8re de diagnostic et de chirurgie vasculaires. Veuillez remplir le formulaire ci-dessous et nous vous rappellerons pour prendre rendez-vous avec le Dr Ruz afin de discuter de vos probl\u00e8mes vasculaires et de vous conseiller sur les traitements possibles.<\/p>\n<p><strong>P.S. Soyez assur\u00e9 que l&rsquo;assistante du Dr Ruz vous contactera pour vous communiquer les d\u00e9tails de votre rendez-vous. Il y a une liste d&rsquo;attente et nous faisons de notre mieux pour satisfaire chaque patient en fonction de la priorit\u00e9 des demandes re\u00e7ues.<\/strong>[\/vc_column_text]\n<div class=\"wpcf7 no-js\" id=\"wpcf7-f1140-o1\" lang=\"en-US\" dir=\"ltr\">\n<div class=\"screen-reader-response\"><p role=\"status\" aria-live=\"polite\" aria-atomic=\"true\"><\/p> <ul><\/ul><\/div>\n<form action=\"\/fr\/wp-json\/wp\/v2\/pages\/1056#wpcf7-f1140-o1\" method=\"post\" class=\"wpcf7-form init default\" id=\"ruzform\" aria-label=\"Contact form\" novalidate=\"novalidate\" data-status=\"init\">\n<div style=\"display: none;\">\n<input type=\"hidden\" name=\"_wpcf7\" value=\"1140\" \/>\n<input type=\"hidden\" name=\"_wpcf7_version\" value=\"5.8\" \/>\n<input type=\"hidden\" name=\"_wpcf7_locale\" value=\"en_US\" \/>\n<input type=\"hidden\" name=\"_wpcf7_unit_tag\" value=\"wpcf7-f1140-o1\" \/>\n<input type=\"hidden\" name=\"_wpcf7_container_post\" value=\"0\" \/>\n<input type=\"hidden\" name=\"_wpcf7_posted_data_hash\" value=\"\" \/>\n<input type=\"hidden\" name=\"_wpcf7cf_hidden_group_fields\" value=\"[]\" \/>\n<input type=\"hidden\" name=\"_wpcf7cf_hidden_groups\" value=\"[]\" \/>\n<input type=\"hidden\" name=\"_wpcf7cf_visible_groups\" value=\"[]\" \/>\n<input type=\"hidden\" name=\"_wpcf7cf_repeaters\" value=\"[]\" \/>\n<input type=\"hidden\" name=\"_wpcf7cf_steps\" value=\"{}\" \/>\n<input type=\"hidden\" name=\"_wpcf7cf_options\" value=\"{&quot;form_id&quot;:1140,&quot;conditions&quot;:[{&quot;then_field&quot;:&quot;group-187&quot;,&quot;and_rules&quot;:[{&quot;if_field&quot;:&quot;radio-348&quot;,&quot;operator&quot;:&quot;equals&quot;,&quot;if_value&quot;:&quot;Oui&quot;}]},{&quot;then_field&quot;:&quot;group-338&quot;,&quot;and_rules&quot;:[{&quot;if_field&quot;:&quot;radio-349&quot;,&quot;operator&quot;:&quot;equals&quot;,&quot;if_value&quot;:&quot;Oui&quot;}]}],&quot;settings&quot;:{&quot;animation&quot;:&quot;yes&quot;,&quot;animation_intime&quot;:200,&quot;animation_outtime&quot;:200,&quot;conditions_ui&quot;:&quot;normal&quot;,&quot;notice_dismissed&quot;:false}}\" \/>\n<input type=\"hidden\" name=\"_wpcf7_recaptcha_response\" value=\"\" \/>\n<\/div>\n<div class=\"bc-3\"><label><strong>NOM COMPLET<\/strong>\n    <span class=\"wpcf7-form-control-wrap\" data-name=\"full-name\"><input size=\"40\" class=\"wpcf7-form-control wpcf7-text wpcf7-validates-as-required\" aria-required=\"true\" aria-invalid=\"false\" value=\"\" type=\"text\" name=\"full-name\" \/><\/span> <\/label>\n<label><strong>T\u00c9L\u00c9PHONE<\/strong>\n<span class=\"wpcf7-form-control-wrap\" data-name=\"tel-phone\"><input size=\"40\" class=\"wpcf7-form-control wpcf7-tel wpcf7-validates-as-required wpcf7-text wpcf7-validates-as-tel\" aria-required=\"true\" aria-invalid=\"false\" value=\"\" type=\"tel\" name=\"tel-phone\" \/><\/span><\/label>\n<label> <strong>Courriel<\/strong>\n    <span class=\"wpcf7-form-control-wrap\" data-name=\"your-email\"><input size=\"40\" class=\"wpcf7-form-control wpcf7-email wpcf7-validates-as-required wpcf7-text wpcf7-validates-as-email\" aria-required=\"true\" aria-invalid=\"false\" value=\"\" type=\"email\" name=\"your-email\" \/><\/span><\/label><\/div>\n<div class=\"bc-2\"><label> <strong>ADRESSE<\/strong>\n    <span class=\"wpcf7-form-control-wrap\" data-name=\"your-address\"><input size=\"40\" class=\"wpcf7-form-control wpcf7-text wpcf7-validates-as-required\" aria-required=\"true\" aria-invalid=\"false\" value=\"\" type=\"text\" name=\"your-address\" \/><\/span><\/label>\n<label><strong>DATE DE NAISSANCE<\/strong>\n<span class=\"wpcf7-form-control-wrap\" data-name=\"date-258\"><input class=\"wpcf7-form-control wpcf7-date wpcf7-validates-as-required wpcf7-validates-as-date\" aria-required=\"true\" aria-invalid=\"false\" value=\"\" type=\"date\" name=\"date-258\" \/><\/span><\/label><\/div>\n<div class=\"bc-2\">\n<label><strong>NOM DE LA PERSONNE \u00c0 CONTACTER EN CAS D'URGENCE <\/strong>\n<span class=\"wpcf7-form-control-wrap\" data-name=\"text-177\"><input size=\"40\" class=\"wpcf7-form-control wpcf7-text wpcf7-validates-as-required\" aria-required=\"true\" aria-invalid=\"false\" value=\"\" type=\"text\" name=\"text-177\" \/><\/span><\/label><label>\n<strong>NUM\u00c9RO DE T\u00c9L\u00c9PHONE DE LA PERSONNE \u00c0 CONTACTER EN CAS D'URGENCE<\/strong>\n<span class=\"wpcf7-form-control-wrap\" data-name=\"tel-emergency\"><input size=\"40\" class=\"wpcf7-form-control wpcf7-tel wpcf7-validates-as-required wpcf7-text wpcf7-validates-as-tel\" aria-required=\"true\" aria-invalid=\"false\" value=\"\" type=\"tel\" name=\"tel-emergency\" \/><\/span><\/label><\/div>\n<div class=\"bc-3 col-1-md\">\n<div><strong>LANGUE PR\u00c9F\u00c9R\u00c9E<\/strong><br\/>\n<span class=\"wpcf7-form-control-wrap\" data-name=\"radio-958\"><span class=\"wpcf7-form-control wpcf7-radio\"><span class=\"wpcf7-list-item first\"><label><input type=\"radio\" name=\"radio-958\" value=\"Anglais\" \/><span class=\"wpcf7-list-item-label\">Anglais<\/span><\/label><\/span><span class=\"wpcf7-list-item last\"><label><input type=\"radio\" name=\"radio-958\" value=\"Fran\u00e7ais\" \/><span class=\"wpcf7-list-item-label\">Fran\u00e7ais<\/span><\/label><\/span><\/span><\/span><\/div>\n<div><strong>ENVOY\u00c9 PAR UN M\u00c9DECIN OU UN M\u00c9DECIN DE FAMILLE<\/strong><br\/>\n<span class=\"wpcf7-form-control-wrap\" data-name=\"radio-346\"><span class=\"wpcf7-form-control wpcf7-radio\"><span class=\"wpcf7-list-item first\"><label><input type=\"radio\" name=\"radio-346\" value=\"Oui\" \/><span class=\"wpcf7-list-item-label\">Oui<\/span><\/label><\/span><span class=\"wpcf7-list-item last\"><label><input type=\"radio\" name=\"radio-346\" value=\"Non\" \/><span class=\"wpcf7-list-item-label\">Non<\/span><\/label><\/span><\/span><\/span><\/div>\n<div><strong>DES ANT\u00c9C\u00c9DENTS FAMILIAUX DE MALADIE VEINEUSE<\/strong><br\/>\n<span class=\"wpcf7-form-control-wrap\" data-name=\"radio-347\"><span class=\"wpcf7-form-control wpcf7-radio\"><span class=\"wpcf7-list-item first\"><label><input type=\"radio\" name=\"radio-347\" value=\"Oui\" \/><span class=\"wpcf7-list-item-label\">Oui<\/span><\/label><\/span><span class=\"wpcf7-list-item last\"><label><input type=\"radio\" name=\"radio-347\" value=\"Non\" \/><span class=\"wpcf7-list-item-label\">Non<\/span><\/label><\/span><\/span><\/span><\/div>\n<\/div>\n<div class=\"medhealth\"><strong>SANT\u00c9 M\u00c9DICALE<\/strong><br\/>\n<span class=\"wpcf7-form-control-wrap\" data-name=\"checkbox-59\"><span class=\"wpcf7-form-control wpcf7-checkbox\"><span class=\"wpcf7-list-item first\"><label><input type=\"checkbox\" name=\"checkbox-59[]\" value=\"Diab\u00e8te\" \/><span class=\"wpcf7-list-item-label\">Diab\u00e8te<\/span><\/label><\/span><span class=\"wpcf7-list-item\"><label><input type=\"checkbox\" name=\"checkbox-59[]\" value=\"Hypertension\" \/><span class=\"wpcf7-list-item-label\">Hypertension<\/span><\/label><\/span><span class=\"wpcf7-list-item\"><label><input type=\"checkbox\" name=\"checkbox-59[]\" value=\"Maladies cardiaques\" \/><span class=\"wpcf7-list-item-label\">Maladies cardiaques<\/span><\/label><\/span><span class=\"wpcf7-list-item\"><label><input type=\"checkbox\" name=\"checkbox-59[]\" value=\"Migraines\" \/><span class=\"wpcf7-list-item-label\">Migraines<\/span><\/label><\/span><span class=\"wpcf7-list-item\"><label><input type=\"checkbox\" name=\"checkbox-59[]\" value=\"Emoblisme pulmonaire\" \/><span class=\"wpcf7-list-item-label\">Emoblisme pulmonaire<\/span><\/label><\/span><span class=\"wpcf7-list-item\"><label><input type=\"checkbox\" name=\"checkbox-59[]\" value=\"Thrombose veineuse profonde pr\u00e9c\u00e9dente\" \/><span class=\"wpcf7-list-item-label\">Thrombose veineuse profonde pr\u00e9c\u00e9dente<\/span><\/label><\/span><span class=\"wpcf7-list-item\"><label><input type=\"checkbox\" name=\"checkbox-59[]\" value=\"Chirurgie pr\u00e9c\u00e9dente\" \/><span class=\"wpcf7-list-item-label\">Chirurgie pr\u00e9c\u00e9dente<\/span><\/label><\/span><span class=\"wpcf7-list-item\"><label><input type=\"checkbox\" name=\"checkbox-59[]\" value=\"H\u00e9patite A\/B\/C\" \/><span class=\"wpcf7-list-item-label\">H\u00e9patite A\/B\/C<\/span><\/label><\/span><span class=\"wpcf7-list-item last\"><label><input type=\"checkbox\" name=\"checkbox-59[]\" value=\"VIH\" \/><span class=\"wpcf7-list-item-label\">VIH<\/span><\/label><\/span><\/span><\/span><\/div>\n<div class=\"bc-1\"><strong>PRENEZ-VOUS DES M\u00c9DICAMENTS ?<\/strong><br\/>\n<span class=\"wpcf7-form-control-wrap\" data-name=\"radio-348\"><span class=\"wpcf7-form-control wpcf7-radio\"><span class=\"wpcf7-list-item first\"><label><input type=\"radio\" name=\"radio-348\" value=\"Oui\" \/><span class=\"wpcf7-list-item-label\">Oui<\/span><\/label><\/span><span class=\"wpcf7-list-item last\"><label><input type=\"radio\" name=\"radio-348\" value=\"Non\" \/><span class=\"wpcf7-list-item-label\">Non<\/span><\/label><\/span><\/span><\/span><\/div>\n<div data-id=\"group-187\" data-orig_data_id=\"group-187\"  data-class=\"wpcf7cf_group\">\n<div class=\"bc-1\"><div><strong>LISTE DES M\u00c9DICAMENTS<\/strong><br\/>\n<span class=\"wpcf7-form-control-wrap\" data-name=\"textarea-457\"><textarea cols=\"40\" rows=\"10\" class=\"wpcf7-form-control wpcf7-textarea\" aria-invalid=\"false\" name=\"textarea-457\">Veuillez pr\u00e9ciser<\/textarea><\/span>\n<\/div>\n<\/div>\n<div class=\"bc-1\">\n<div><strong>SUIVEZ-VOUS ACTUELLEMENT UN TRAITEMENT ANTICOAGULANT ?<\/strong><br\/>\n<span class=\"wpcf7-form-control-wrap\" data-name=\"radio-549\"><span class=\"wpcf7-form-control wpcf7-radio\"><span class=\"wpcf7-list-item first\"><label><input type=\"radio\" name=\"radio-549\" value=\"Oui\" \/><span class=\"wpcf7-list-item-label\">Oui<\/span><\/label><\/span><span class=\"wpcf7-list-item last\"><label><input type=\"radio\" name=\"radio-549\" value=\"Non\" \/><span class=\"wpcf7-list-item-label\">Non<\/span><\/label><\/span><\/span><\/span><\/div>\n<\/div>\n<\/div>\n\n<div class=\"bc-1\"><strong>AVEZ-VOUS DES ALLERGIES ?<\/strong><br\/>\n<span class=\"wpcf7-form-control-wrap\" data-name=\"radio-349\"><span class=\"wpcf7-form-control wpcf7-radio\"><span class=\"wpcf7-list-item first\"><label><input type=\"radio\" name=\"radio-349\" value=\"Oui\" \/><span class=\"wpcf7-list-item-label\">Oui<\/span><\/label><\/span><span class=\"wpcf7-list-item last\"><label><input type=\"radio\" name=\"radio-349\" value=\"Non\" \/><span class=\"wpcf7-list-item-label\">Non<\/span><\/label><\/span><\/span><\/span><\/div>\n<div data-id=\"group-338\" data-orig_data_id=\"group-338\"  data-class=\"wpcf7cf_group\">\n<div><strong>LISTE DES ALLERGIES :<\/strong><br\/>\n<span class=\"wpcf7-form-control-wrap\" data-name=\"textarea-458\"><textarea cols=\"40\" rows=\"10\" class=\"wpcf7-form-control wpcf7-textarea\" aria-invalid=\"false\" name=\"textarea-458\">Veuillez pr\u00e9ciser<\/textarea><\/span><\/div>\n<\/div>\n\n<div class=\"bc-2\">\n<div><strong>LES SYMPT\u00d4MES ET LES SIGNES DES VARICES :<\/strong><br\/>\n<span class=\"wpcf7-form-control-wrap\" data-name=\"checkbox-819\"><span class=\"wpcf7-form-control wpcf7-checkbox\"><span class=\"wpcf7-list-item first\"><label><input type=\"checkbox\" name=\"checkbox-819[]\" value=\"Pr\u00e9occupations d&#039;ordre cosm\u00e9tique\" \/><span class=\"wpcf7-list-item-label\">Pr\u00e9occupations d&#039;ordre cosm\u00e9tique<\/span><\/label><\/span><span class=\"wpcf7-list-item\"><label><input type=\"checkbox\" name=\"checkbox-819[]\" value=\"Douleur \u00e0 l&#039;endroit de la varice\" \/><span class=\"wpcf7-list-item-label\">Douleur \u00e0 l&#039;endroit de la varice<\/span><\/label><\/span><span class=\"wpcf7-list-item\"><label><input type=\"checkbox\" name=\"checkbox-819[]\" value=\"Lourdeur\/Aching\/ de la (des) jambe(s)\" \/><span class=\"wpcf7-list-item-label\">Lourdeur\/Aching\/ de la (des) jambe(s)<\/span><\/label><\/span><span class=\"wpcf7-list-item last\"><label><input type=\"checkbox\" name=\"checkbox-819[]\" value=\"Gonflement\" \/><span class=\"wpcf7-list-item-label\">Gonflement<\/span><\/label><\/span><\/span><\/span><\/div>\n<div><strong>LES INTERVENTIONS ANT\u00c9RIEURES SUR LES VEINES :<\/strong> <br\/>\n<span class=\"wpcf7-form-control-wrap\" data-name=\"checkbox-820\"><span class=\"wpcf7-form-control wpcf7-checkbox\"><span class=\"wpcf7-list-item first\"><label><input type=\"checkbox\" name=\"checkbox-820[]\" value=\"Scl\u00e9roth\u00e9rapie\" \/><span class=\"wpcf7-list-item-label\">Scl\u00e9roth\u00e9rapie<\/span><\/label><\/span><span class=\"wpcf7-list-item\"><label><input type=\"checkbox\" name=\"checkbox-820[]\" value=\"Scl\u00e9roth\u00e9rapie FOAM\" \/><span class=\"wpcf7-list-item-label\">Scl\u00e9roth\u00e9rapie FOAM<\/span><\/label><\/span><span class=\"wpcf7-list-item last\"><label><input type=\"checkbox\" name=\"checkbox-820[]\" value=\"Chirurgie des varices\" \/><span class=\"wpcf7-list-item-label\">Chirurgie des varices<\/span><\/label><\/span><\/span><\/span><\/div>\n<\/div>\n<div class=\"bc-1\"><strong>OBJECTIF<\/strong><br\/>\n<span class=\"wpcf7-form-control-wrap\" data-name=\"radio-226\"><span class=\"wpcf7-form-control wpcf7-radio\"><span class=\"wpcf7-list-item first\"><label><input type=\"radio\" name=\"radio-226\" value=\"Consultation\" \/><span class=\"wpcf7-list-item-label\">Consultation<\/span><\/label><\/span><span class=\"wpcf7-list-item\"><label><input type=\"radio\" name=\"radio-226\" value=\"\u00c9chographie\" \/><span class=\"wpcf7-list-item-label\">\u00c9chographie<\/span><\/label><\/span><span class=\"wpcf7-list-item\"><label><input type=\"radio\" name=\"radio-226\" value=\"Scl\u00e9roth\u00e9rapie\" \/><span class=\"wpcf7-list-item-label\">Scl\u00e9roth\u00e9rapie<\/span><\/label><\/span><span class=\"wpcf7-list-item last\"><label><input type=\"radio\" name=\"radio-226\" value=\"V\u00e9nas\u00e9al\" \/><span class=\"wpcf7-list-item-label\">V\u00e9nas\u00e9al<\/span><\/label><\/span><\/span><\/span>\n<\/div>\n<input class=\"wpcf7-form-control wpcf7-submit has-spinner\" type=\"submit\" value=\"SOUMETTRE\" \/><div class=\"wpcf7-response-output\" aria-hidden=\"true\"><\/div>\n<\/form>\n<\/div>\n[\/vc_column][\/vc_row]<\/p>\n","protected":false},"excerpt":{"rendered":"<p>[vc_row css_animation=\u00a0\u00bb\u00a0\u00bb row_type=\u00a0\u00bbrow\u00a0\u00bb use_row_as_full_screen_section=\u00a0\u00bbno\u00a0\u00bb type=\u00a0\u00bbfull_width\u00a0\u00bb angled_section=\u00a0\u00bbno\u00a0\u00bb text_align=\u00a0\u00bbleft\u00a0\u00bb background_image_as_pattern=\u00a0\u00bbwithout_pattern\u00a0\u00bb z_index=\u00a0\u00bb\u00a0\u00bb el_id=\u00a0\u00bbapp\u00a0\u00bb][vc_column width=\u00a0\u00bb1\/3&Prime; el_class=\u00a0\u00bbbook-photo-wrap\u00a0\u00bb css=\u00a0\u00bb.vc_custom_1559584939110{background-image: url(https:\/\/drricardoruz.com\/wp-content\/uploads\/2019\/06\/ruzzz.jpg?id=273) !important;}\u00a0\u00bb][\/vc_column][vc_column width=\u00a0\u00bb2\/3&Prime; el_class=\u00a0\u00bbapp-form-wrap\u00a0\u00bb][vc_column_text el_class=\u00a0\u00bbshedcons\u00a0\u00bb] PRENDRE RENDEZ-VOUS POUR UNE CONSULTATION Si vous pr\u00e9sentez les sympt\u00f4mes d&rsquo;un trouble veineux, le Dr Ricardo Ruz poss\u00e8de une vaste exp\u00e9rience en mati\u00e8re de diagnostic et de&#8230;<\/p>\n","protected":false},"author":1,"featured_media":0,"parent":0,"menu_order":0,"comment_status":"closed","ping_status":"closed","template":"full_width.php","meta":{"footnotes":""},"acf":[],"yoast_head":"<!-- This site is optimized with the Yoast SEO plugin v21.1 - https:\/\/yoast.com\/wordpress\/plugins\/seo\/ -->\n<title>Varicose, Spider, Diluted Veins Treatment in Montreal by Vascular Doctor<\/title>\n<meta name=\"description\" content=\"If you have symptoms of a venous disorder, Dr. Ricardo Ruz has an extensive experience in vascular diagnosis and surgery. Book a consultation in Montreal !\" \/>\n<meta name=\"robots\" content=\"index, follow, max-snippet:-1, max-image-preview:large, max-video-preview:-1\" \/>\n<link rel=\"canonical\" href=\"https:\/\/drricardoruz.com\/fr\/consultation\/\" \/>\n<meta property=\"og:locale\" content=\"fr_FR\" \/>\n<meta property=\"og:type\" content=\"article\" \/>\n<meta property=\"og:title\" content=\"Varicose, Spider, Diluted Veins Treatment in Montreal by Vascular Doctor\" \/>\n<meta property=\"og:description\" content=\"If you have symptoms of a venous disorder, Dr. Ricardo Ruz has an extensive experience in vascular diagnosis and surgery. Book a consultation in Montreal !\" \/>\n<meta property=\"og:url\" content=\"https:\/\/drricardoruz.com\/fr\/consultation\/\" \/>\n<meta property=\"og:site_name\" content=\"Dr. Ricardo Ruz\" \/>\n<meta property=\"article:publisher\" content=\"https:\/\/www.facebook.com\/vasculardoctormontreal\/\" \/>\n<meta property=\"article:modified_time\" content=\"2023-09-13T13:26:24+00:00\" \/>\n<meta property=\"og:image\" content=\"https:\/\/drricardoruz.com\/wp-content\/uploads\/2019\/06\/ruz-social.jpg\" \/>\n\t<meta property=\"og:image:width\" content=\"1200\" \/>\n\t<meta property=\"og:image:height\" content=\"628\" \/>\n\t<meta property=\"og:image:type\" content=\"image\/jpeg\" \/>\n<meta name=\"twitter:card\" content=\"summary_large_image\" \/>\n<meta name=\"twitter:label1\" content=\"Dur\u00e9e de lecture estim\u00e9e\" \/>\n\t<meta name=\"twitter:data1\" content=\"1 minute\" \/>\n<script type=\"application\/ld+json\" class=\"yoast-schema-graph\">{\"@context\":\"https:\/\/schema.org\",\"@graph\":[{\"@type\":\"WebPage\",\"@id\":\"https:\/\/drricardoruz.com\/fr\/consultation\/\",\"url\":\"https:\/\/drricardoruz.com\/fr\/consultation\/\",\"name\":\"Varicose, Spider, Diluted Veins Treatment in Montreal by Vascular Doctor\",\"isPartOf\":{\"@id\":\"https:\/\/drricardoruz.com\/fr\/#website\"},\"datePublished\":\"2019-06-03T15:15:44+00:00\",\"dateModified\":\"2023-09-13T13:26:24+00:00\",\"description\":\"If you have symptoms of a venous disorder, Dr. Ricardo Ruz has an extensive experience in vascular diagnosis and surgery. Book a consultation in Montreal !\",\"breadcrumb\":{\"@id\":\"https:\/\/drricardoruz.com\/fr\/consultation\/#breadcrumb\"},\"inLanguage\":\"fr-FR\",\"potentialAction\":[{\"@type\":\"ReadAction\",\"target\":[\"https:\/\/drricardoruz.com\/fr\/consultation\/\"]}]},{\"@type\":\"BreadcrumbList\",\"@id\":\"https:\/\/drricardoruz.com\/fr\/consultation\/#breadcrumb\",\"itemListElement\":[{\"@type\":\"ListItem\",\"position\":1,\"name\":\"Home\",\"item\":\"https:\/\/drricardoruz.com\/fr\/\"},{\"@type\":\"ListItem\",\"position\":2,\"name\":\"CONSULTATION\"}]},{\"@type\":\"WebSite\",\"@id\":\"https:\/\/drricardoruz.com\/fr\/#website\",\"url\":\"https:\/\/drricardoruz.com\/fr\/\",\"name\":\"Dr. Ricardo Ruz\",\"description\":\"Just another WordPress site\",\"potentialAction\":[{\"@type\":\"SearchAction\",\"target\":{\"@type\":\"EntryPoint\",\"urlTemplate\":\"https:\/\/drricardoruz.com\/fr\/?s={search_term_string}\"},\"query-input\":\"required name=search_term_string\"}],\"inLanguage\":\"fr-FR\"}]}<\/script>\n<!-- \/ Yoast SEO plugin. -->","yoast_head_json":{"title":"Varicose, Spider, Diluted Veins Treatment in Montreal by Vascular Doctor","description":"If you have symptoms of a venous disorder, Dr. Ricardo Ruz has an extensive experience in vascular diagnosis and surgery. Book a consultation in Montreal !","robots":{"index":"index","follow":"follow","max-snippet":"max-snippet:-1","max-image-preview":"max-image-preview:large","max-video-preview":"max-video-preview:-1"},"canonical":"https:\/\/drricardoruz.com\/fr\/consultation\/","og_locale":"fr_FR","og_type":"article","og_title":"Varicose, Spider, Diluted Veins Treatment in Montreal by Vascular Doctor","og_description":"If you have symptoms of a venous disorder, Dr. Ricardo Ruz has an extensive experience in vascular diagnosis and surgery. Book a consultation in Montreal !","og_url":"https:\/\/drricardoruz.com\/fr\/consultation\/","og_site_name":"Dr. Ricardo Ruz","article_publisher":"https:\/\/www.facebook.com\/vasculardoctormontreal\/","article_modified_time":"2023-09-13T13:26:24+00:00","og_image":[{"width":1200,"height":628,"url":"https:\/\/drricardoruz.com\/wp-content\/uploads\/2019\/06\/ruz-social.jpg","type":"image\/jpeg"}],"twitter_card":"summary_large_image","twitter_misc":{"Dur\u00e9e de lecture estim\u00e9e":"1 minute"},"schema":{"@context":"https:\/\/schema.org","@graph":[{"@type":"WebPage","@id":"https:\/\/drricardoruz.com\/fr\/consultation\/","url":"https:\/\/drricardoruz.com\/fr\/consultation\/","name":"Varicose, Spider, Diluted Veins Treatment in Montreal by Vascular Doctor","isPartOf":{"@id":"https:\/\/drricardoruz.com\/fr\/#website"},"datePublished":"2019-06-03T15:15:44+00:00","dateModified":"2023-09-13T13:26:24+00:00","description":"If you have symptoms of a venous disorder, Dr. Ricardo Ruz has an extensive experience in vascular diagnosis and surgery. Book a consultation in Montreal !","breadcrumb":{"@id":"https:\/\/drricardoruz.com\/fr\/consultation\/#breadcrumb"},"inLanguage":"fr-FR","potentialAction":[{"@type":"ReadAction","target":["https:\/\/drricardoruz.com\/fr\/consultation\/"]}]},{"@type":"BreadcrumbList","@id":"https:\/\/drricardoruz.com\/fr\/consultation\/#breadcrumb","itemListElement":[{"@type":"ListItem","position":1,"name":"Home","item":"https:\/\/drricardoruz.com\/fr\/"},{"@type":"ListItem","position":2,"name":"CONSULTATION"}]},{"@type":"WebSite","@id":"https:\/\/drricardoruz.com\/fr\/#website","url":"https:\/\/drricardoruz.com\/fr\/","name":"Dr. Ricardo Ruz","description":"Just another WordPress site","potentialAction":[{"@type":"SearchAction","target":{"@type":"EntryPoint","urlTemplate":"https:\/\/drricardoruz.com\/fr\/?s={search_term_string}"},"query-input":"required name=search_term_string"}],"inLanguage":"fr-FR"}]}},"_links":{"self":[{"href":"https:\/\/drricardoruz.com\/fr\/wp-json\/wp\/v2\/pages\/1056"}],"collection":[{"href":"https:\/\/drricardoruz.com\/fr\/wp-json\/wp\/v2\/pages"}],"about":[{"href":"https:\/\/drricardoruz.com\/fr\/wp-json\/wp\/v2\/types\/page"}],"author":[{"embeddable":true,"href":"https:\/\/drricardoruz.com\/fr\/wp-json\/wp\/v2\/users\/1"}],"replies":[{"embeddable":true,"href":"https:\/\/drricardoruz.com\/fr\/wp-json\/wp\/v2\/comments?post=1056"}],"version-history":[{"count":4,"href":"https:\/\/drricardoruz.com\/fr\/wp-json\/wp\/v2\/pages\/1056\/revisions"}],"predecessor-version":[{"id":1142,"href":"https:\/\/drricardoruz.com\/fr\/wp-json\/wp\/v2\/pages\/1056\/revisions\/1142"}],"wp:attachment":[{"href":"https:\/\/drricardoruz.com\/fr\/wp-json\/wp\/v2\/media?parent=1056"}],"curies":[{"name":"wp","href":"https:\/\/api.w.org\/{rel}","templated":true}]}}