{"id":1052,"date":"2019-05-29T18:54:58","date_gmt":"2019-05-29T18:54:58","guid":{"rendered":"https:\/\/drricardoruz.com\/diagnostic\/"},"modified":"2023-09-12T17:14:00","modified_gmt":"2023-09-12T17:14:00","slug":"diagnostic","status":"publish","type":"page","link":"https:\/\/drricardoruz.com\/fr\/diagnostic\/","title":{"rendered":"Diagnostic"},"content":{"rendered":"<p>[vc_row css_animation=\u00a0\u00bb\u00a0\u00bb row_type=\u00a0\u00bbrow\u00a0\u00bb use_row_as_full_screen_section=\u00a0\u00bbno\u00a0\u00bb type=\u00a0\u00bbfull_width\u00a0\u00bb angled_section=\u00a0\u00bbno\u00a0\u00bb text_align=\u00a0\u00bbleft\u00a0\u00bb background_image_as_pattern=\u00a0\u00bbwithout_pattern\u00a0\u00bb el_id=\u00a0\u00bbhero\u00a0\u00bb z_index=\u00a0\u00bb\u00a0\u00bb][vc_column][rev_slider_vc alias=\u00a0\u00bbhero\u00a0\u00bb][\/vc_column][\/vc_row][vc_row css_animation=\u00a0\u00bb\u00a0\u00bb row_type=\u00a0\u00bbrow\u00a0\u00bb use_row_as_full_screen_section=\u00a0\u00bbno\u00a0\u00bb type=\u00a0\u00bbgrid\u00a0\u00bb angled_section=\u00a0\u00bbno\u00a0\u00bb text_align=\u00a0\u00bbleft\u00a0\u00bb background_image_as_pattern=\u00a0\u00bbwithout_pattern\u00a0\u00bb z_index=\u00a0\u00bb\u00a0\u00bb el_class=\u00a0\u00bbprocedure-wrap\u00a0\u00bb][vc_column][vc_raw_html]PGRpdiBjbGFzcz0icHJvY2VkdXJlLW1lbnUiPg0KICAgIDxkaXY+PGgxPkRJQUdOT1NUSUMgREUgTCdJTlNVRkZJU0FOQ0UgVkVJTkVVU0U8L2gxPjxwPlNpIHZvdXMgcHLDqXNlbnRleiBsZXMgc3ltcHTDtG1lcyBkJ3VuIHRyb3VibGUgdmVpbmV1eCwgbGUgRHIgUmljYXJkbyBSdXogcG9zc8OoZGUgdW5lIHZhc3RlIGV4cMOpcmllbmNlIGVuIG1hdGnDqHJlIGRlIGRpYWdub3N0aWMgZXQgZGUgY2hpcnVyZ2llIHZhc2N1bGFpcmVzLjwvcD4NCjwvZGl2Pg0KICAgIDxkaXY+DQogICAgICAgICA8dWwgY2xhc3M9ImFuY2hvcnMiPg0KICAgICAgICAgICAgPGxpPjxhIGhyZWY9IiNjb25zdWx0YXRpb24iPkNPTlNVTFRBVElPTjwvYT48L2xpPg0KICAgICAgICAgICAgPGxpPjxhIGhyZWY9IiNleGFtIj5FWEFNRU4gUEhZU0lRVUU8L2E+PC9saT4NCiAgICAgICAgICAgIDxsaT48YSBocmVmPSIjdWx0cmFzb3VuZCI+w4lDSE9HUkFQSElFPC9hPjwvbGk+DQogPGxpPjxhIGhyZWY9IiNzb2x1dGlvbnMiPlNPTFVUSU9OUzwvYT48L2xpPg0KICAgICAgICAgPC91bD4NCiAgICA8L2Rpdj4NCiAgICA8ZGl2Pg0KICAgIDxhIGNsYXNzPSJzaGVkdWxlIj5DT05TVUxUQVRJT048L2E+DQogICAgPC9kaXY+DQo8L2Rpdj4=[\/vc_raw_html][\/vc_column][\/vc_row][vc_row css_animation=\u00a0\u00bb\u00a0\u00bb row_type=\u00a0\u00bbrow\u00a0\u00bb use_row_as_full_screen_section=\u00a0\u00bbno\u00a0\u00bb type=\u00a0\u00bbgrid\u00a0\u00bb angled_section=\u00a0\u00bbno\u00a0\u00bb text_align=\u00a0\u00bbleft\u00a0\u00bb background_image_as_pattern=\u00a0\u00bbwithout_pattern\u00a0\u00bb el_id=\u00a0\u00bbconsultation\u00a0\u00bb z_index=\u00a0\u00bb\u00a0\u00bb anchor=\u00a0\u00bbtechnology\u00a0\u00bb el_class=\u00a0\u00bbprocedure-box shd z10 flexed centered\u00a0\u00bb][vc_column width=\u00a0\u00bb1\/2&Prime; el_class=\u00a0\u00bbpr-60 addshadow\u00a0\u00bb][vc_column_text]<\/p>\n<h2>CONSULTATION<\/h2>\n<p>Lors de votre rendez-vous de consultation, le Dr Ruz prendra connaissance de vos ant\u00e9c\u00e9dents m\u00e9dicaux et vous examinera. Cela lui permettra d&rsquo;\u00e9tablir un diagnostic et de vous expliquer les diff\u00e9rentes options de traitement et leurs risques. Il est important de mentionner vos attentes car elles peuvent \u00eatre tr\u00e8s diff\u00e9rentes d&rsquo;un patient \u00e0 l&rsquo;autre. Apr\u00e8s l&rsquo;examen, le Dr Ruz d\u00e9terminera si le patient a besoin d&rsquo;un Doppler ou si les traitements de scl\u00e9roth\u00e9rapie peuvent commencer tout de suite. Il \u00e9valuera le nombre de traitements n\u00e9cessaires. Il est tr\u00e8s important de comprendre que chaque patient r\u00e9agit diff\u00e9remment au traitement et qu&rsquo;il est impossible de pr\u00e9dire avec pr\u00e9cision le nombre total de traitements lors du premier rendez-vous. Apr\u00e8s quelques s\u00e9ances, vous serez en mesure de juger si votre corps r\u00e9pond bien aux traitements.<\/p>\n<p>Il est important de noter que la premi\u00e8re consultation est essentielle pour \u00e9tablir un plan de traitement appropri\u00e9. Souvent, les patients peuvent n\u00e9cessiter l&rsquo;application de plusieurs modalit\u00e9s th\u00e9rapeutiques pour obtenir des r\u00e9sultats ad\u00e9quats.[\/vc_column_text][\/vc_column][vc_column width=\u00a0\u00bb1\/2&Prime; el_class=\u00a0\u00bbpl-60&Prime;]<div class=\"qode_video_box\">\n\t<a itemprop=\"image\" class=\"qode_video_image\" href=\"https:\/\/youtu.be\/qhhvKM-4eDI\" data-rel=\"prettyPhoto\">\n\t\t\t\n\t\t\t<img src=\"https:\/\/drricardoruz.com\/wp-content\/uploads\/2019\/05\/First-time-consultation.jpg\" \/>\n\t\t\t<span class=\"qode_video_box_button_holder\">\n\t\t\t\t<span class=\"qode_video_box_button\">\n\t\t\t\t\t<span class=\"qode_video_box_button_arrow\">\n\t\t\t\t\t<\/span>\n\t\t\t\t<\/span>\n\t\t\t<\/span>\n\t\t\t<\/a>\n<\/div>[vc_empty_space][vc_column_text]<em>La mission du Dr Ruz est d&rsquo;\u00eatre transparent avec les patients et d&rsquo;offrir la gamme compl\u00e8te des traitements n\u00e9cessaires et \u00e9prouv\u00e9s qui sont sup\u00e9rieurs. Chaque patient recevra un plan de traitement personnalis\u00e9.<\/em>[\/vc_column_text][\/vc_column][\/vc_row][vc_row css_animation=\u00a0\u00bb\u00a0\u00bb row_type=\u00a0\u00bbrow\u00a0\u00bb use_row_as_full_screen_section=\u00a0\u00bbno\u00a0\u00bb type=\u00a0\u00bbgrid\u00a0\u00bb angled_section=\u00a0\u00bbno\u00a0\u00bb text_align=\u00a0\u00bbleft\u00a0\u00bb background_image_as_pattern=\u00a0\u00bbwithout_pattern\u00a0\u00bb el_id=\u00a0\u00bbexam\u00a0\u00bb z_index=\u00a0\u00bb\u00a0\u00bb anchor=\u00a0\u00bbbenefits\u00a0\u00bb el_class=\u00a0\u00bbprocedure-box shd z8 flexed centered\u00a0\u00bb][vc_column css_animation=\u00a0\u00bbfadeIn\u00a0\u00bb width=\u00a0\u00bb1\/2&Prime; el_class=\u00a0\u00bbpr-60 addshadow\u00a0\u00bb]<div class=\"qode_video_box\">\n\t<a itemprop=\"image\" class=\"qode_video_image\" href=\"https:\/\/www.youtube.com\/watch?v=ucEMz8Li2ME\" data-rel=\"prettyPhoto\">\n\t\t\t\n\t\t\t<img src=\"https:\/\/drricardoruz.com\/wp-content\/uploads\/2019\/05\/Suggestion-of-treatment.jpg\" \/>\n\t\t\t<span class=\"qode_video_box_button_holder\">\n\t\t\t\t<span class=\"qode_video_box_button\">\n\t\t\t\t\t<span class=\"qode_video_box_button_arrow\">\n\t\t\t\t\t<\/span>\n\t\t\t\t<\/span>\n\t\t\t<\/span>\n\t\t\t<\/a>\n<\/div>[vc_empty_space][vc_column_text]<em>Apr\u00e8s l&rsquo;examen, le Dr Ruz d\u00e9terminera si le patient a besoin d&rsquo;un Doppler ou si les traitements de scl\u00e9roth\u00e9rapie peuvent commencer imm\u00e9diatement. Il \u00e9valuera le nombre de traitements n\u00e9cessaires.<\/em>[\/vc_column_text][\/vc_column][vc_column width=\u00a0\u00bb1\/2&Prime; el_class=\u00a0\u00bbpl-60&Prime;][vc_column_text]<\/p>\n<h2>EXAMEN PHYSIQUE<\/h2>\n<p>Un examen physique r\u00e9alis\u00e9 par un m\u00e9decin exp\u00e9riment\u00e9 dans le traitement des maladies veineuses permet de confirmer rapidement si les sympt\u00f4mes du patient sont li\u00e9s \u00e0 une insuffisance veineuse. Les causes des douleurs des membres inf\u00e9rieurs sont multiples : douleurs musculaires, douleurs articulaires, insuffisance art\u00e9rielle, etc.<\/p>\n<p>La pr\u00e9sence de t\u00e9langiectasies, de veines r\u00e9ticulaires et de varices ne signifie pas n\u00e9cessairement que la douleur provient de ces derni\u00e8res, d&rsquo;o\u00f9 l&rsquo;importance de consulter un m\u00e9decin comp\u00e9tent.<\/p>\n<p>Pour diagnostiquer les varices, votre m\u00e9decin proc\u00e9dera \u00e0 un examen physique, notamment en observant vos jambes en position debout pour v\u00e9rifier qu&rsquo;elles ne sont pas gonfl\u00e9es. Il pourra \u00e9galement vous demander de d\u00e9crire les douleurs que vous ressentez dans vos jambes. Un diagnostic pr\u00e9cis est n\u00e9cessaire pour d\u00e9finir l&rsquo;anatomie et la physiopathologie impliqu\u00e9es dans le processus de la maladie.[\/vc_column_text][\/vc_column][\/vc_row][vc_row css_animation=\u00a0\u00bb\u00a0\u00bb row_type=\u00a0\u00bbrow\u00a0\u00bb use_row_as_full_screen_section=\u00a0\u00bbno\u00a0\u00bb type=\u00a0\u00bbgrid\u00a0\u00bb angled_section=\u00a0\u00bbno\u00a0\u00bb text_align=\u00a0\u00bbleft\u00a0\u00bb background_image_as_pattern=\u00a0\u00bbwithout_pattern\u00a0\u00bb z_index=\u00a0\u00bb\u00a0\u00bb anchor=\u00a0\u00bbbenefits\u00a0\u00bb el_class=\u00a0\u00bbprocedure-box shd z6 flexed centered\u00a0\u00bb el_id=\u00a0\u00bbultrasound\u00a0\u00bb][vc_column width=\u00a0\u00bb1\/2&Prime; el_class=\u00a0\u00bbpr-60 addshadow\u00a0\u00bb][vc_column_text]<\/p>\n<h2>\u00c9CHOGRAPHIE &#8211; DOPPLER<\/h2>\n<p>Afin de confirmer le diagnostic d&rsquo;insuffisance veineuse profonde et de planifier le traitement, les patients peuvent avoir besoin d&rsquo;une \u00e9chographie apr\u00e8s leur premi\u00e8re visite. Cet examen doit \u00eatre r\u00e9alis\u00e9 par un \u00e9chographiste vasculaire qualifi\u00e9 ou un chirurgien vasculaire poss\u00e9dant une expertise suppl\u00e9mentaire en mati\u00e8re d&rsquo;\u00e9chographie vasculaire.<\/p>\n<p>Le Dr Ruz utilise des transducteurs \u00e0 ultrasons de haute qualit\u00e9 pour permettre la visualisation des veines en haute d\u00e9finition et pour appliquer la technologie Doppler afin de mesurer le reflux veineux.<\/p>\n<p>L&rsquo;\u00e9chographie permettra de pr\u00e9ciser si la maladie atteint uniquement le syst\u00e8me superficiel ou si le syst\u00e8me profond et les perforantes sont touch\u00e9s. Elle permettra \u00e9galement de mesurer la taille des veines, de quantifier le degr\u00e9 de reflux, de cartographier les varices et de planifier leur traitement. L&rsquo;\u00e9chographie veineuse utilise des ondes sonores pour produire des images des veines du corps. Elle est couramment utilis\u00e9e pour rechercher des caillots sanguins, en particulier dans les veines de la jambe &#8211; une condition souvent appel\u00e9e thrombose veineuse profonde. L&rsquo;\u00e9chographie n&rsquo;utilise pas de radiations ionisantes et n&rsquo;a pas d&rsquo;effets nocifs connus. Des informations \u00e9clairantes sur la mani\u00e8re dont l&rsquo;UD est r\u00e9alis\u00e9e pendant le bilan des varices et la justification de l&rsquo;utilisation de l&rsquo;UD pour les proc\u00e9dures endoveineuses sont discut\u00e9es.<\/p>\n<p>[\/vc_column_text][\/vc_column][vc_column css_animation=\u00a0\u00bbfadeIn\u00a0\u00bb width=\u00a0\u00bb1\/2&Prime; el_class=\u00a0\u00bbpl-60&Prime;]<div class=\"qode_video_box\">\n\t<a itemprop=\"image\" class=\"qode_video_image\" href=\"https:\/\/youtu.be\/Bnl39CQKimU\" data-rel=\"prettyPhoto\">\n\t\t\t\n\t\t\t<img src=\"https:\/\/drricardoruz.com\/wp-content\/uploads\/2019\/05\/Evaluation-of-complexity-duplex.jpg\" \/>\n\t\t\t<span class=\"qode_video_box_button_holder\">\n\t\t\t\t<span class=\"qode_video_box_button\">\n\t\t\t\t\t<span class=\"qode_video_box_button_arrow\">\n\t\t\t\t\t<\/span>\n\t\t\t\t<\/span>\n\t\t\t<\/span>\n\t\t\t<\/a>\n<\/div>[vc_empty_space][vc_column_text]<em>L&rsquo;\u00e9chographie est une proc\u00e9dure indolore, r\u00e9alis\u00e9e en position debout, qui peut durer jusqu&rsquo;\u00e0 45 minutes. \u00c0 tout moment, le patient pourra s&rsquo;asseoir ou s&rsquo;allonger pour faire une pause.<\/em><\/p>\n<p><em>*Au Qu\u00e9bec, le gouvernement ne rembourse pas l&rsquo;\u00e9chographie pour le diagnostic pr\u00e9cis des maladies variqueuses et l&rsquo;\u00e9chographie que vous auriez pu avoir dans un h\u00f4pital ne permettrait pas \u00e0 un m\u00e9decin de pouvoir planifier le traitement de vos varices.<\/em>[\/vc_column_text][\/vc_column][\/vc_row][vc_row css_animation=\u00a0\u00bb\u00a0\u00bb row_type=\u00a0\u00bbrow\u00a0\u00bb use_row_as_full_screen_section=\u00a0\u00bbno\u00a0\u00bb type=\u00a0\u00bbgrid\u00a0\u00bb angled_section=\u00a0\u00bbno\u00a0\u00bb text_align=\u00a0\u00bbleft\u00a0\u00bb background_image_as_pattern=\u00a0\u00bbwithout_pattern\u00a0\u00bb z_index=\u00a0\u00bb\u00a0\u00bb el_id=\u00a0\u00bbmedium\u00a0\u00bb][vc_column width=\u00a0\u00bb1\/3&Prime;][vc_single_image image=\u00a0\u00bb958&Prime; img_size=\u00a0\u00bbfull\u00a0\u00bb alignment=\u00a0\u00bbcenter\u00a0\u00bb qode_css_animation=\u00a0\u00bb\u00a0\u00bb][\/vc_column][vc_column width=\u00a0\u00bb2\/3&Prime;][vc_column_text]<\/p>\n<p>Si vous ou l&rsquo;un de vos proches pensez souffrir d&rsquo;une forme de maladie vasculaire, il est important de contacter un m\u00e9decin de confiance, sp\u00e9cialis\u00e9 et exp\u00e9riment\u00e9 dans le diagnostic et la chirurgie vasculaires. Le Dr Ricardo Ruz est titulaire d&rsquo;une qualification sp\u00e9ciale en chirurgie vasculaire et adopte une approche consciencieuse lorsqu&rsquo;il s&rsquo;agit de vos probl\u00e8mes vasculaires. Sans aucun doute, vous pouvez \u00eatre s\u00fbr que toutes les options pour une sant\u00e9 \u00e0 long terme vous seront propos\u00e9es.<\/p>\n<p><a class=\"qbutton default\" href=\"#\">PLANIFIER UNE VISITE<\/a><\/p>\n<p>[\/vc_column_text][\/vc_column][\/vc_row][vc_row css_animation=\u00a0\u00bb\u00a0\u00bb row_type=\u00a0\u00bbrow\u00a0\u00bb use_row_as_full_screen_section=\u00a0\u00bbno\u00a0\u00bb type=\u00a0\u00bbgrid\u00a0\u00bb angled_section=\u00a0\u00bbno\u00a0\u00bb text_align=\u00a0\u00bbleft\u00a0\u00bb background_image_as_pattern=\u00a0\u00bbwithout_pattern\u00a0\u00bb el_id=\u00a0\u00bbsolutions\u00a0\u00bb z_index=\u00a0\u00bb\u00a0\u00bb el_class=\u00a0\u00bbprocedure-box z4&Prime;][vc_column][vc_column_text]<\/p>\n<h2>NOS SOLUTIONS POUR LES MALADIES DES VEINES<\/h2>\n<p>[\/vc_column_text]<h2>SOLUTIONS<\/h2><div id=\"problems-gallery\" class=\"griddy-0\"><\/div>[\/vc_column][\/vc_row]<\/p>\n","protected":false},"excerpt":{"rendered":"<p>[vc_row css_animation=\u00a0\u00bb\u00a0\u00bb row_type=\u00a0\u00bbrow\u00a0\u00bb use_row_as_full_screen_section=\u00a0\u00bbno\u00a0\u00bb type=\u00a0\u00bbfull_width\u00a0\u00bb angled_section=\u00a0\u00bbno\u00a0\u00bb text_align=\u00a0\u00bbleft\u00a0\u00bb background_image_as_pattern=\u00a0\u00bbwithout_pattern\u00a0\u00bb el_id=\u00a0\u00bbhero\u00a0\u00bb z_index=\u00a0\u00bb\u00a0\u00bb][vc_column][rev_slider_vc alias=\u00a0\u00bbhero\u00a0\u00bb][\/vc_column][\/vc_row][vc_row css_animation=\u00a0\u00bb\u00a0\u00bb row_type=\u00a0\u00bbrow\u00a0\u00bb use_row_as_full_screen_section=\u00a0\u00bbno\u00a0\u00bb type=\u00a0\u00bbgrid\u00a0\u00bb angled_section=\u00a0\u00bbno\u00a0\u00bb text_align=\u00a0\u00bbleft\u00a0\u00bb background_image_as_pattern=\u00a0\u00bbwithout_pattern\u00a0\u00bb z_index=\u00a0\u00bb\u00a0\u00bb el_class=\u00a0\u00bbprocedure-wrap\u00a0\u00bb][vc_column][vc_raw_html]PGRpdiBjbGFzcz0icHJvY2VkdXJlLW1lbnUiPg0KICAgIDxkaXY+PGgxPkRJQUdOT1NUSUMgREUgTCdJTlNVRkZJU0FOQ0UgVkVJTkVVU0U8L2gxPjxwPlNpIHZvdXMgcHLDqXNlbnRleiBsZXMgc3ltcHTDtG1lcyBkJ3VuIHRyb3VibGUgdmVpbmV1eCwgbGUgRHIgUmljYXJkbyBSdXogcG9zc8OoZGUgdW5lIHZhc3RlIGV4cMOpcmllbmNlIGVuIG1hdGnDqHJlIGRlIGRpYWdub3N0aWMgZXQgZGUgY2hpcnVyZ2llIHZhc2N1bGFpcmVzLjwvcD4NCjwvZGl2Pg0KICAgIDxkaXY+DQogICAgICAgICA8dWwgY2xhc3M9ImFuY2hvcnMiPg0KICAgICAgICAgICAgPGxpPjxhIGhyZWY9IiNjb25zdWx0YXRpb24iPkNPTlNVTFRBVElPTjwvYT48L2xpPg0KICAgICAgICAgICAgPGxpPjxhIGhyZWY9IiNleGFtIj5FWEFNRU4gUEhZU0lRVUU8L2E+PC9saT4NCiAgICAgICAgICAgIDxsaT48YSBocmVmPSIjdWx0cmFzb3VuZCI+w4lDSE9HUkFQSElFPC9hPjwvbGk+DQogPGxpPjxhIGhyZWY9IiNzb2x1dGlvbnMiPlNPTFVUSU9OUzwvYT48L2xpPg0KICAgICAgICAgPC91bD4NCiAgICA8L2Rpdj4NCiAgICA8ZGl2Pg0KICAgIDxhIGNsYXNzPSJzaGVkdWxlIj5DT05TVUxUQVRJT048L2E+DQogICAgPC9kaXY+DQo8L2Rpdj4=[\/vc_raw_html][\/vc_column][\/vc_row][vc_row css_animation=\u00a0\u00bb\u00a0\u00bb row_type=\u00a0\u00bbrow\u00a0\u00bb use_row_as_full_screen_section=\u00a0\u00bbno\u00a0\u00bb type=\u00a0\u00bbgrid\u00a0\u00bb angled_section=\u00a0\u00bbno\u00a0\u00bb text_align=\u00a0\u00bbleft\u00a0\u00bb background_image_as_pattern=\u00a0\u00bbwithout_pattern\u00a0\u00bb el_id=\u00a0\u00bbconsultation\u00a0\u00bb z_index=\u00a0\u00bb\u00a0\u00bb anchor=\u00a0\u00bbtechnology\u00a0\u00bb el_class=\u00a0\u00bbprocedure-box shd z10 flexed centered\u00a0\u00bb][vc_column width=\u00a0\u00bb1\/2&Prime; el_class=\u00a0\u00bbpr-60 addshadow\u00a0\u00bb][vc_column_text] CONSULTATION Lors de votre rendez-vous de consultation,&#8230;<\/p>\n","protected":false},"author":1,"featured_media":914,"parent":0,"menu_order":0,"comment_status":"closed","ping_status":"closed","template":"full_width.php","meta":{"footnotes":""},"acf":[],"yoast_head":"<!-- This site is optimized with the Yoast SEO plugin v21.1 - https:\/\/yoast.com\/wordpress\/plugins\/seo\/ -->\n<title>Venous disorder incompetence diagnosis. Treat Varicose Veins Montreal<\/title>\n<meta name=\"description\" content=\"Montreal ultrasound doppler diagnosis to reach deep and superficial veins to analyze causes of varicose &amp; spider veins problems and treat them effectively\" \/>\n<meta name=\"robots\" content=\"index, follow, max-snippet:-1, max-image-preview:large, max-video-preview:-1\" \/>\n<link rel=\"canonical\" href=\"https:\/\/drricardoruz.com\/fr\/diagnostic\/\" \/>\n<meta property=\"og:locale\" content=\"fr_FR\" \/>\n<meta property=\"og:type\" content=\"article\" \/>\n<meta property=\"og:title\" content=\"Venous disorder incompetence diagnosis. Treat Varicose Veins Montreal\" \/>\n<meta property=\"og:description\" content=\"Montreal ultrasound doppler diagnosis to reach deep and superficial veins to analyze causes of varicose &amp; spider veins problems and treat them effectively\" \/>\n<meta property=\"og:url\" content=\"https:\/\/drricardoruz.com\/fr\/diagnostic\/\" \/>\n<meta property=\"og:site_name\" content=\"Dr. Ricardo Ruz\" \/>\n<meta property=\"article:publisher\" content=\"https:\/\/www.facebook.com\/vasculardoctormontreal\/\" \/>\n<meta property=\"article:modified_time\" content=\"2023-09-12T17:14:00+00:00\" \/>\n<meta property=\"og:image\" content=\"https:\/\/drricardoruz.com\/wp-content\/uploads\/2019\/05\/diagnost.jpg\" \/>\n\t<meta property=\"og:image:width\" content=\"1920\" \/>\n\t<meta property=\"og:image:height\" content=\"980\" \/>\n\t<meta property=\"og:image:type\" content=\"image\/jpeg\" \/>\n<meta name=\"twitter:card\" content=\"summary_large_image\" \/>\n<meta name=\"twitter:label1\" content=\"Dur\u00e9e de lecture estim\u00e9e\" \/>\n\t<meta name=\"twitter:data1\" content=\"7 minutes\" \/>\n<script type=\"application\/ld+json\" class=\"yoast-schema-graph\">{\"@context\":\"https:\/\/schema.org\",\"@graph\":[{\"@type\":\"WebPage\",\"@id\":\"https:\/\/drricardoruz.com\/fr\/diagnostic\/\",\"url\":\"https:\/\/drricardoruz.com\/fr\/diagnostic\/\",\"name\":\"Venous disorder incompetence diagnosis. Treat Varicose Veins Montreal\",\"isPartOf\":{\"@id\":\"https:\/\/drricardoruz.com\/fr\/#website\"},\"datePublished\":\"2019-05-29T18:54:58+00:00\",\"dateModified\":\"2023-09-12T17:14:00+00:00\",\"description\":\"Montreal ultrasound doppler diagnosis to reach deep and superficial veins to analyze causes of varicose & spider veins problems and treat them effectively\",\"breadcrumb\":{\"@id\":\"https:\/\/drricardoruz.com\/fr\/diagnostic\/#breadcrumb\"},\"inLanguage\":\"fr-FR\",\"potentialAction\":[{\"@type\":\"ReadAction\",\"target\":[\"https:\/\/drricardoruz.com\/fr\/diagnostic\/\"]}]},{\"@type\":\"BreadcrumbList\",\"@id\":\"https:\/\/drricardoruz.com\/fr\/diagnostic\/#breadcrumb\",\"itemListElement\":[{\"@type\":\"ListItem\",\"position\":1,\"name\":\"Home\",\"item\":\"https:\/\/drricardoruz.com\/fr\/\"},{\"@type\":\"ListItem\",\"position\":2,\"name\":\"Diagnostic\"}]},{\"@type\":\"WebSite\",\"@id\":\"https:\/\/drricardoruz.com\/fr\/#website\",\"url\":\"https:\/\/drricardoruz.com\/fr\/\",\"name\":\"Dr. Ricardo Ruz\",\"description\":\"Just another WordPress site\",\"potentialAction\":[{\"@type\":\"SearchAction\",\"target\":{\"@type\":\"EntryPoint\",\"urlTemplate\":\"https:\/\/drricardoruz.com\/fr\/?s={search_term_string}\"},\"query-input\":\"required name=search_term_string\"}],\"inLanguage\":\"fr-FR\"}]}<\/script>\n<!-- \/ Yoast SEO plugin. -->","yoast_head_json":{"title":"Venous disorder incompetence diagnosis. Treat Varicose Veins Montreal","description":"Montreal ultrasound doppler diagnosis to reach deep and superficial veins to analyze causes of varicose & spider veins problems and treat them effectively","robots":{"index":"index","follow":"follow","max-snippet":"max-snippet:-1","max-image-preview":"max-image-preview:large","max-video-preview":"max-video-preview:-1"},"canonical":"https:\/\/drricardoruz.com\/fr\/diagnostic\/","og_locale":"fr_FR","og_type":"article","og_title":"Venous disorder incompetence diagnosis. Treat Varicose Veins Montreal","og_description":"Montreal ultrasound doppler diagnosis to reach deep and superficial veins to analyze causes of varicose & spider veins problems and treat them effectively","og_url":"https:\/\/drricardoruz.com\/fr\/diagnostic\/","og_site_name":"Dr. Ricardo Ruz","article_publisher":"https:\/\/www.facebook.com\/vasculardoctormontreal\/","article_modified_time":"2023-09-12T17:14:00+00:00","og_image":[{"width":1920,"height":980,"url":"https:\/\/drricardoruz.com\/wp-content\/uploads\/2019\/05\/diagnost.jpg","type":"image\/jpeg"}],"twitter_card":"summary_large_image","twitter_misc":{"Dur\u00e9e de lecture estim\u00e9e":"7 minutes"},"schema":{"@context":"https:\/\/schema.org","@graph":[{"@type":"WebPage","@id":"https:\/\/drricardoruz.com\/fr\/diagnostic\/","url":"https:\/\/drricardoruz.com\/fr\/diagnostic\/","name":"Venous disorder incompetence diagnosis. Treat Varicose Veins Montreal","isPartOf":{"@id":"https:\/\/drricardoruz.com\/fr\/#website"},"datePublished":"2019-05-29T18:54:58+00:00","dateModified":"2023-09-12T17:14:00+00:00","description":"Montreal ultrasound doppler diagnosis to reach deep and superficial veins to analyze causes of varicose & spider veins problems and treat them effectively","breadcrumb":{"@id":"https:\/\/drricardoruz.com\/fr\/diagnostic\/#breadcrumb"},"inLanguage":"fr-FR","potentialAction":[{"@type":"ReadAction","target":["https:\/\/drricardoruz.com\/fr\/diagnostic\/"]}]},{"@type":"BreadcrumbList","@id":"https:\/\/drricardoruz.com\/fr\/diagnostic\/#breadcrumb","itemListElement":[{"@type":"ListItem","position":1,"name":"Home","item":"https:\/\/drricardoruz.com\/fr\/"},{"@type":"ListItem","position":2,"name":"Diagnostic"}]},{"@type":"WebSite","@id":"https:\/\/drricardoruz.com\/fr\/#website","url":"https:\/\/drricardoruz.com\/fr\/","name":"Dr. Ricardo Ruz","description":"Just another WordPress site","potentialAction":[{"@type":"SearchAction","target":{"@type":"EntryPoint","urlTemplate":"https:\/\/drricardoruz.com\/fr\/?s={search_term_string}"},"query-input":"required name=search_term_string"}],"inLanguage":"fr-FR"}]}},"_links":{"self":[{"href":"https:\/\/drricardoruz.com\/fr\/wp-json\/wp\/v2\/pages\/1052"}],"collection":[{"href":"https:\/\/drricardoruz.com\/fr\/wp-json\/wp\/v2\/pages"}],"about":[{"href":"https:\/\/drricardoruz.com\/fr\/wp-json\/wp\/v2\/types\/page"}],"author":[{"embeddable":true,"href":"https:\/\/drricardoruz.com\/fr\/wp-json\/wp\/v2\/users\/1"}],"replies":[{"embeddable":true,"href":"https:\/\/drricardoruz.com\/fr\/wp-json\/wp\/v2\/comments?post=1052"}],"version-history":[{"count":3,"href":"https:\/\/drricardoruz.com\/fr\/wp-json\/wp\/v2\/pages\/1052\/revisions"}],"predecessor-version":[{"id":1055,"href":"https:\/\/drricardoruz.com\/fr\/wp-json\/wp\/v2\/pages\/1052\/revisions\/1055"}],"wp:featuredmedia":[{"embeddable":true,"href":"https:\/\/drricardoruz.com\/fr\/wp-json\/wp\/v2\/media\/914"}],"wp:attachment":[{"href":"https:\/\/drricardoruz.com\/fr\/wp-json\/wp\/v2\/media?parent=1052"}],"curies":[{"name":"wp","href":"https:\/\/api.w.org\/{rel}","templated":true}]}}