{"id":1049,"date":"2019-06-05T12:29:58","date_gmt":"2019-06-05T12:29:58","guid":{"rendered":"https:\/\/drricardoruz.com\/faq\/"},"modified":"2023-09-12T17:09:49","modified_gmt":"2023-09-12T17:09:49","slug":"faq","status":"publish","type":"page","link":"https:\/\/drricardoruz.com\/fr\/faq\/","title":{"rendered":"FAQ"},"content":{"rendered":"<p>[vc_row css_animation=\u00a0\u00bb\u00a0\u00bb row_type=\u00a0\u00bbrow\u00a0\u00bb use_row_as_full_screen_section=\u00a0\u00bbno\u00a0\u00bb type=\u00a0\u00bbgrid\u00a0\u00bb angled_section=\u00a0\u00bbno\u00a0\u00bb text_align=\u00a0\u00bbleft\u00a0\u00bb background_image_as_pattern=\u00a0\u00bbwithout_pattern\u00a0\u00bb el_class=\u00a0\u00bbprocedure-box shd z10&Prime; z_index=\u00a0\u00bb\u00a0\u00bb][vc_column][vc_column_text el_class=\u00a0\u00bbtitled\u00a0\u00bb]<\/p>\n<h2 style=\"text-align: center;\">VOIR LES EXPLICATIONS VID\u00c9O DU DR. RUZ<\/h2>\n<p>[\/vc_column_text]<div class='projects_holder_outer v3 portfolio_with_space portfolio_standard'><div class='projects_holder portfolio_main_holder clearfix v3 standard portfolio_full_image '>\n<article class='mix portfolio_category_54 ' style=''><div class='image_holder'><a itemprop='url' class='portfolio_link_for_touch' href='https:\/\/www.youtube.com\/watch?v=cdAPdK5e8ug' data-rel='prettyPhoto'><span class='image'><img width=\"1024\" height=\"576\" src=\"https:\/\/drricardoruz.com\/wp-content\/uploads\/2019\/06\/difference-between-spider-veins-varicose-veins.jpg\" class=\"attachment-full size-full wp-post-image\" alt=\"\" decoding=\"async\" srcset=\"https:\/\/drricardoruz.com\/wp-content\/uploads\/2019\/06\/difference-between-spider-veins-varicose-veins.jpg 1024w, https:\/\/drricardoruz.com\/wp-content\/uploads\/2019\/06\/difference-between-spider-veins-varicose-veins-300x169.jpg 300w, https:\/\/drricardoruz.com\/wp-content\/uploads\/2019\/06\/difference-between-spider-veins-varicose-veins-768x432.jpg 768w, https:\/\/drricardoruz.com\/wp-content\/uploads\/2019\/06\/difference-between-spider-veins-varicose-veins-700x394.jpg 700w, https:\/\/drricardoruz.com\/wp-content\/uploads\/2019\/06\/difference-between-spider-veins-varicose-veins-539x303.jpg 539w\" sizes=\"(max-width: 1024px) 100vw, 1024px\" \/><\/span><\/a><em>0:53<\/em><\/div><div class='portfolio_description '><div class='port-wrap'><h5 itemprop=\"name\" class=\"portfolio_title entry_title\"><a  href=\"https:\/\/www.youtube.com\/watch?v=cdAPdK5e8ug\"  data-rel=\"prettyPhoto\" rel=\"prettyPhoto\">Diff\u00e9rence entre les varices et les varicosit\u00e9s<\/a><\/h5><span class=\"project_category\" >Types de veines et maladies<\/span><\/div><a class='playbtn' href='https:\/\/www.youtube.com\/watch?v=cdAPdK5e8ug' data-rel='prettyPhoto' rel='prettyPhoto'><\/a><\/div><\/article>\n<article class='mix portfolio_category_49 portfolio_category_48 ' style=''><div class='image_holder'><a itemprop='url' class='portfolio_link_for_touch' href='https:\/\/youtu.be\/qDtjWPKuG9o' data-rel='prettyPhoto'><span class='image'><img width=\"1024\" height=\"576\" src=\"https:\/\/drricardoruz.com\/wp-content\/uploads\/2019\/06\/foam-sclerotherapy-vs-conventional-sclerotherapy.jpg\" class=\"attachment-full size-full wp-post-image\" alt=\"\" decoding=\"async\" srcset=\"https:\/\/drricardoruz.com\/wp-content\/uploads\/2019\/06\/foam-sclerotherapy-vs-conventional-sclerotherapy.jpg 1024w, https:\/\/drricardoruz.com\/wp-content\/uploads\/2019\/06\/foam-sclerotherapy-vs-conventional-sclerotherapy-300x169.jpg 300w, https:\/\/drricardoruz.com\/wp-content\/uploads\/2019\/06\/foam-sclerotherapy-vs-conventional-sclerotherapy-768x432.jpg 768w, https:\/\/drricardoruz.com\/wp-content\/uploads\/2019\/06\/foam-sclerotherapy-vs-conventional-sclerotherapy-700x394.jpg 700w, https:\/\/drricardoruz.com\/wp-content\/uploads\/2019\/06\/foam-sclerotherapy-vs-conventional-sclerotherapy-539x303.jpg 539w\" sizes=\"(max-width: 1024px) 100vw, 1024px\" \/><\/span><\/a><em>1:14<\/em><\/div><div class='portfolio_description '><div class='port-wrap'><h5 itemprop=\"name\" class=\"portfolio_title entry_title\"><a  href=\"https:\/\/youtu.be\/qDtjWPKuG9o\"  data-rel=\"prettyPhoto\" rel=\"prettyPhoto\">Scl\u00e9roth\u00e9rapie \u00e0 la mousse VS scl\u00e9roth\u00e9rapie conventionnelle<\/a><\/h5><span class=\"project_category\" >Scl\u00e9roth\u00e9rapie liquide \/  Scl\u00e9roth\u00e9rapie \u00e0 la mousse<\/span><\/div><a class='playbtn' href='https:\/\/youtu.be\/qDtjWPKuG9o' data-rel='prettyPhoto' rel='prettyPhoto'><\/a><\/div><\/article>\n<article class='mix portfolio_category_49 ' style=''><div class='image_holder'><a itemprop='url' class='portfolio_link_for_touch' href='https:\/\/www.youtube.com\/watch?v=nHNHVJeBglo' data-rel='prettyPhoto'><span class='image'><img width=\"1024\" height=\"576\" src=\"https:\/\/drricardoruz.com\/wp-content\/uploads\/2019\/06\/explanation-of-minor-complications.jpg\" class=\"attachment-full size-full wp-post-image\" alt=\"\" decoding=\"async\" srcset=\"https:\/\/drricardoruz.com\/wp-content\/uploads\/2019\/06\/explanation-of-minor-complications.jpg 1024w, https:\/\/drricardoruz.com\/wp-content\/uploads\/2019\/06\/explanation-of-minor-complications-300x169.jpg 300w, https:\/\/drricardoruz.com\/wp-content\/uploads\/2019\/06\/explanation-of-minor-complications-768x432.jpg 768w, https:\/\/drricardoruz.com\/wp-content\/uploads\/2019\/06\/explanation-of-minor-complications-700x394.jpg 700w, https:\/\/drricardoruz.com\/wp-content\/uploads\/2019\/06\/explanation-of-minor-complications-539x303.jpg 539w\" sizes=\"(max-width: 1024px) 100vw, 1024px\" \/><\/span><\/a><em>2:02<\/em><\/div><div class='portfolio_description '><div class='port-wrap'><h5 itemprop=\"name\" class=\"portfolio_title entry_title\"><a  href=\"https:\/\/www.youtube.com\/watch?v=nHNHVJeBglo\"  data-rel=\"prettyPhoto\" rel=\"prettyPhoto\">Explication des complications mineures<\/a><\/h5><span class=\"project_category\" >Scl\u00e9roth\u00e9rapie liquide<\/span><\/div><a class='playbtn' href='https:\/\/www.youtube.com\/watch?v=nHNHVJeBglo' data-rel='prettyPhoto' rel='prettyPhoto'><\/a><\/div><\/article>\n<div class='filler'><\/div>\n<div class='filler'><\/div>\n<div class='filler'><\/div>\n<\/div><\/div>[\/vc_column][\/vc_row][vc_row css_animation=\u00a0\u00bb\u00a0\u00bb row_type=\u00a0\u00bbrow\u00a0\u00bb use_row_as_full_screen_section=\u00a0\u00bbno\u00a0\u00bb type=\u00a0\u00bbgrid\u00a0\u00bb angled_section=\u00a0\u00bbno\u00a0\u00bb text_align=\u00a0\u00bbleft\u00a0\u00bb background_image_as_pattern=\u00a0\u00bbwithout_pattern\u00a0\u00bb z_index=\u00a0\u00bb\u00a0\u00bb el_class=\u00a0\u00bbprocedure-box\u00a0\u00bb el_id=\u00a0\u00bbfaq\u00a0\u00bb][vc_column width=\u00a0\u00bb1\/2&Prime;][vc_accordion active_tab=\u00a0\u00bb1&Prime; style=\u00a0\u00bbtoggle\u00a0\u00bb el_class=\u00a0\u00bbleft-accord\u00a0\u00bb][vc_accordion_tab title=\u00a0\u00bbQU&apos;EST-CE QUE LES VARICES ?\u00a0\u00bb][vc_column_text]Les varices sont des veines plus grandes, gonfl\u00e9es ou l\u00e9g\u00e8rement sur\u00e9lev\u00e9es qui apparaissent souvent sur les membres inf\u00e9rieurs. Elles se produisent lorsque les valvules des veines ne fonctionnent pas correctement, ce qui emp\u00eache le sang de circuler efficacement.[\/vc_column_text][\/vc_accordion_tab][vc_accordion_tab title=\u00a0\u00bbQUELLES SONT LES CAUSES DES VARICES ?\u00a0\u00bb][vc_column_text]<\/p>\n<ul class=\"circles\">\n<li>L&rsquo;h\u00e9r\u00e9dit\u00e9<\/li>\n<li>Facteurs hormonaux tels que la grossesse<\/li>\n<li>Ob\u00e9sit\u00e9<\/li>\n<li>Station debout prolong\u00e9e<\/li>\n<li>Vieillissement<\/li>\n<\/ul>\n<p>[\/vc_column_text][\/vc_accordion_tab][vc_accordion_tab title=\u00a0\u00bbCOMMENT \u00c9LIMINER LES VARICES ?\u00a0\u00bb][vc_column_text]<\/p>\n<ul class=\"checkmarks\">\n<li>\n<h4>SCLEROTHERAPY<\/h4>\n<p>La scl\u00e9roth\u00e9rapie est un traitement courant des varices l\u00e9g\u00e8res. Elle consiste \u00e0 injecter une solution dans les veines pour les faire r\u00e9tr\u00e9cir. Dans la scl\u00e9roth\u00e9rapie guid\u00e9e par ultrasons, les ultrasons sont utilis\u00e9s pour visualiser la veine sous-jacente afin que le m\u00e9decin puisse mieux surveiller et administrer l&rsquo;injection. La scl\u00e9roth\u00e9rapie guid\u00e9e par ultrasons est destin\u00e9e aux veines variqueuses l\u00e9g\u00e8rement plus grosses. Les varices devraient dispara\u00eetre dans les 2 \u00e0 4 semaines suivant l&rsquo;injection. Les patients subissent g\u00e9n\u00e9ralement 3 \u00e0 5 traitements en fonction du nombre et du type de varices qu&rsquo;ils ont. La scl\u00e9roth\u00e9rapie ne n\u00e9cessite pas de temps d&rsquo;arr\u00eat.<\/p>\n<p>Le taux de r\u00e9cidive apr\u00e8s scl\u00e9roth\u00e9rapie est variable et il est important de suivre le plan de traitement propos\u00e9 par votre m\u00e9decin lors de la consultation initiale pour obtenir les meilleurs r\u00e9sultats possibles.<\/li>\n<li>\n<h4>ABLATION ENDOVEINEUSE<\/h4>\n<p>L&rsquo;ablation endoveineuse est un traitement courant des varices mod\u00e9r\u00e9es \u00e0 grosses. Si elle est effectu\u00e9e avec un appareil \u00e0 \u00e9nergie, elle consiste \u00e0 ins\u00e9rer un cath\u00e9ter dans la veine \u00e0 traiter et \u00e0 appliquer de la chaleur \u00e0 l&rsquo;int\u00e9rieur de la veine, ce qui la contracte.<\/p>\n<p>La proc\u00e9dure VenaSeal implique l&rsquo;insertion d&rsquo;un cath\u00e9ter qui d\u00e9livre de petites quantit\u00e9s d&rsquo;adh\u00e9sif m\u00e9dical pour fermer la veine. Le patient peut ressentir une certaine douleur apr\u00e8s les traitements \u00e0 base d&rsquo;\u00e9nergie, ce qui peut justifier une indisponibilit\u00e9 de 24 \u00e0 48 heures.<\/p>\n<p>Le taux de r\u00e9cidive est inf\u00e9rieur \u00e0 10 % apr\u00e8s l&rsquo;ablation endoveineuse et est \u00e9quivalent \u00e0 l&rsquo;ablation chirurgicale.<\/li>\n<li>\n<h4>CHIRURGIE<\/h4>\n<p>Certains cas graves de varices n\u00e9cessiteront une intervention chirurgicale (\u00e9galement appel\u00e9e stripping) \u00e0 l&rsquo;h\u00f4pital.<\/li>\n<\/ul>\n<p>[\/vc_column_text][\/vc_accordion_tab][vc_accordion_tab title=\u00a0\u00bbSERAI-JE TRAIT\u00c9 AUJOURD&apos;HUI ?\u00a0\u00bb][vc_column_text]Votre premier rendez-vous est une consultation visant \u00e0 d\u00e9terminer et \u00e0 discuter du traitement qui vous convient. En g\u00e9n\u00e9ral, ce processus dure jusqu&rsquo;\u00e0 la fin du rendez-vous, mais il arrive que nous puissions convenir d&rsquo;un protocole de traitement et commencer le traitement d\u00e8s la premi\u00e8re visite.[\/vc_column_text][\/vc_accordion_tab][vc_accordion_tab title=\u00a0\u00bbQUAND PUIS-JE ESP\u00c9RER VOIR LES VEINES DISPARA\u00ceTRE ?\u00a0\u00bb][vc_column_text]En g\u00e9n\u00e9ral, il faut compter trois \u00e0 six semaines apr\u00e8s chaque traitement avant de voir des r\u00e9sultats. La plupart des patients ont constat\u00e9 une am\u00e9lioration de 60 \u00e0 80 % des veines trait\u00e9es. L&rsquo;\u00e9limination compl\u00e8te des petites veines est toutefois rarement obtenue. Environ 10 % des patients ont un r\u00e9sultat m\u00e9diocre, avec une l\u00e9g\u00e8re d\u00e9coloration de la peau au-dessus des veines trait\u00e9es. Le risque de r\u00e9cidive une fois les veines trait\u00e9es n&rsquo;est que de 5 %. De nouvelles veines peuvent toutefois se d\u00e9velopper. De nombreux patients ont recours \u00e0 la scl\u00e9roth\u00e9rapie une fois par an pour traiter les nouvelles varices. Il est important de mentionner que si le patient pr\u00e9sente une insuffisance veineuse tronculaire (veine saph\u00e8ne) et que cette insuffisance n&rsquo;est pas trait\u00e9e avant l&rsquo;injection des varices, le risque de r\u00e9cidive est de pr\u00e8s de 100%.[\/vc_column_text][\/vc_accordion_tab][\/vc_accordion][\/vc_column][vc_column width=\u00a0\u00bb1\/2&Prime;][vc_accordion active_tab=\u00a0\u00bb1&Prime; style=\u00a0\u00bbtoggle\u00a0\u00bb el_class=\u00a0\u00bbright-accord\u00a0\u00bb][vc_accordion_tab title=\u00a0\u00bbQU&apos;EST-CE QUE LES VARICOSIT\u00c9S ?\u00a0\u00bb][vc_column_text]Les veines d&rsquo;araign\u00e9e sont de petits vaisseaux sanguins dilat\u00e9s qui apparaissent pr\u00e8s de la surface de la peau et sont parfois d\u00e9sign\u00e9s par leur nom technique de t\u00e9langiectasies.[\/vc_column_text][\/vc_accordion_tab][vc_accordion_tab title=\u00a0\u00bbQUELS SONT LES EFFETS SECONDAIRES DE LA SCL\u00c9ROTH\u00c9RAPIE ?\u00a0\u00bb][vc_column_text]Il faut s&rsquo;attendre \u00e0 une inflammation et \u00e0 des ecchymoses apr\u00e8s le traitement. Pour la plupart des patients, les zones trait\u00e9es seront rouges et enflamm\u00e9es pendant quelques heures. Il peut y avoir de petites ecchymoses au point d&rsquo;injection pendant une \u00e0 deux semaines. Ensuite, dans les trois \u00e0 six semaines suivant chaque traitement, les veines dispara\u00eetront progressivement.[\/vc_column_text][\/vc_accordion_tab][vc_accordion_tab title=\u00a0\u00bbPOURQUOI DOIS-JE PORTER DES BAS DE COMPRESSION APR\u00c8S UN TRAITEMENT PAR SCL\u00c9ROTH\u00c9RAPIE ?\u00a0\u00bb][vc_column_text]Les bas de compression rendent votre traitement plus efficace en augmentant le contact du produit sur les veines trait\u00e9es. Ils r\u00e9duisent \u00e9galement l&rsquo;hyperpigmentation en emp\u00eachant le sang de retourner \u00e0 l&rsquo;int\u00e9rieur de la veine trait\u00e9e. Pour toutes les varices, veines r\u00e9ticulaires et varicosit\u00e9s, le port de bas de compression est recommand\u00e9 pendant 3 \u00e0 21 jours (en fonction de la taille du vaisseau). Ces bas exercent une pression sur la veine trait\u00e9e et maintiennent la veine scl\u00e9ros\u00e9e ferm\u00e9e, ce qui peut diminuer les risques de r\u00e9cidive et de r\u00e9apparition des varices.[\/vc_column_text][\/vc_accordion_tab][vc_accordion_tab title=\u00a0\u00bbTAUX DE R\u00c9CIDIVE (R\u00c9APPARITION DES VARICES)\u00a0\u00bb][vc_column_text]Le taux de r\u00e9ussite de l&rsquo;intervention d\u00e9pend fortement des attentes du patient. Pour certains, une diminution m\u00eame partielle des sympt\u00f4mes ou de la taille des varices sera consid\u00e9r\u00e9e comme un grand succ\u00e8s. Pour d&rsquo;autres, la moindre persistance de t\u00e9langiectasies sera v\u00e9cue comme un \u00e9chec. En r\u00e8gle g\u00e9n\u00e9rale, le traitement des varices a suffisamment de succ\u00e8s pour r\u00e9duire de mani\u00e8re significative la taille des veines trait\u00e9es et, dans la plupart des cas, pour les faire dispara\u00eetre \u00e0 court terme. Le taux de r\u00e9ussite imm\u00e9diate d\u00e9pend fortement de l&rsquo;\u00e9valuation pr\u00e9alable au traitement, c&rsquo;est-\u00e0-dire que la personne qui traite a clairement identifi\u00e9 le probl\u00e8me dans son ensemble. C&rsquo;est la raison pour laquelle, dans de nombreux cas, une pr\u00e9-intervention Doppler est n\u00e9cessaire. Le taux de r\u00e9ussite \u00e0 long terme est plus variable et il existe peu de donn\u00e9es dans la litt\u00e9rature m\u00e9dicale \u00e0 ce sujet. En g\u00e9n\u00e9ral, il vaut mieux consid\u00e9rer qu&rsquo;il y a de fortes chances que certaines de vos varices r\u00e9apparaissent au cours de votre vie, quel que soit le traitement effectu\u00e9, surtout si elles \u00e9taient initialement nombreuses et de grande taille. Un suivi \u00e0 long terme apr\u00e8s le traitement contribue \u00e0 assurer un succ\u00e8s \u00e0 plus long terme, car il permet de d\u00e9tecter et de traiter la r\u00e9apparition des veines. Le port de chaussettes de soutien pour les personnes debout ou peu actives peut \u00e9galement contribuer \u00e0 limiter la r\u00e9apparition des veines. Parce qu&rsquo;elle est largement h\u00e9r\u00e9ditaire, l&rsquo;insuffisance veineuse doit \u00eatre consid\u00e9r\u00e9e comme un probl\u00e8me \u00e0 long terme et les personnes qui souhaitent voir leurs r\u00e9sultats perdurer doivent \u00eatre motiv\u00e9es pour poursuivre le suivi et le traitement \u00e0 vie.[\/vc_column_text][\/vc_accordion_tab][vc_accordion_tab title=\u00a0\u00bbCOMMENT PR\u00c9VENIR LES VARICES ?\u00a0\u00bb][vc_column_text]<\/p>\n<ul class=\"circles\">\n<li>Restez actif.<\/li>\n<li>La marche et le v\u00e9lo peuvent augmenter le flux sanguin et la circulation pour pr\u00e9venir les varices.<\/li>\n<li>Surveillez votre poids et votre alimentation.<\/li>\n<li>Les kilos en trop peuvent accro\u00eetre la pression sur les veines. Un r\u00e9gime pauvre en sel peut pr\u00e9venir les gonflements dus \u00e0 la r\u00e9tention d&rsquo;eau.<\/li>\n<li>Porter des <a href=\"https:\/\/drricardoruz.com\/fr\/procedure\/therapie-par-compression\/\">bas de compression<\/a>.<\/li>\n<\/ul>\n<p>[\/vc_column_text][\/vc_accordion_tab][\/vc_accordion][\/vc_column][\/vc_row]<\/p>\n","protected":false},"excerpt":{"rendered":"<p>[vc_row css_animation=\u00a0\u00bb\u00a0\u00bb row_type=\u00a0\u00bbrow\u00a0\u00bb use_row_as_full_screen_section=\u00a0\u00bbno\u00a0\u00bb type=\u00a0\u00bbgrid\u00a0\u00bb angled_section=\u00a0\u00bbno\u00a0\u00bb text_align=\u00a0\u00bbleft\u00a0\u00bb background_image_as_pattern=\u00a0\u00bbwithout_pattern\u00a0\u00bb el_class=\u00a0\u00bbprocedure-box shd z10&Prime; z_index=\u00a0\u00bb\u00a0\u00bb][vc_column][vc_column_text el_class=\u00a0\u00bbtitled\u00a0\u00bb] VOIR LES EXPLICATIONS VID\u00c9O DU DR. RUZ [\/vc_column_text][\/vc_column][\/vc_row][vc_row css_animation=\u00a0\u00bb\u00a0\u00bb row_type=\u00a0\u00bbrow\u00a0\u00bb use_row_as_full_screen_section=\u00a0\u00bbno\u00a0\u00bb type=\u00a0\u00bbgrid\u00a0\u00bb angled_section=\u00a0\u00bbno\u00a0\u00bb text_align=\u00a0\u00bbleft\u00a0\u00bb background_image_as_pattern=\u00a0\u00bbwithout_pattern\u00a0\u00bb z_index=\u00a0\u00bb\u00a0\u00bb el_class=\u00a0\u00bbprocedure-box\u00a0\u00bb el_id=\u00a0\u00bbfaq\u00a0\u00bb][vc_column width=\u00a0\u00bb1\/2&Prime;][vc_accordion active_tab=\u00a0\u00bb1&Prime; style=\u00a0\u00bbtoggle\u00a0\u00bb el_class=\u00a0\u00bbleft-accord\u00a0\u00bb][vc_accordion_tab title=\u00a0\u00bbQU&apos;EST-CE QUE LES VARICES ?\u00a0\u00bb][vc_column_text]Les varices sont des veines plus&#8230;<\/p>\n","protected":false},"author":1,"featured_media":0,"parent":0,"menu_order":0,"comment_status":"closed","ping_status":"closed","template":"full_width.php","meta":{"footnotes":""},"acf":[],"yoast_head":"<!-- This site is optimized with the Yoast SEO plugin v21.1 - https:\/\/yoast.com\/wordpress\/plugins\/seo\/ -->\n<title>Doctor Ricardo Ruz Montreal. Frequently Asked Questions<\/title>\n<meta name=\"description\" content=\"Montreal Vascular Surgeon FAQ : Difference between spider &amp; varicose veins, types and deseases, foam sclerotherapy vs regular sclerotherapy, minor complications\" \/>\n<meta name=\"robots\" content=\"index, follow, max-snippet:-1, max-image-preview:large, max-video-preview:-1\" \/>\n<link rel=\"canonical\" href=\"https:\/\/drricardoruz.com\/fr\/faq\/\" \/>\n<meta property=\"og:locale\" content=\"fr_FR\" \/>\n<meta property=\"og:type\" content=\"article\" \/>\n<meta property=\"og:title\" content=\"Doctor Ricardo Ruz Montreal. Frequently Asked Questions\" \/>\n<meta property=\"og:description\" content=\"Montreal Vascular Surgeon FAQ : Difference between spider &amp; varicose veins, types and deseases, foam sclerotherapy vs regular sclerotherapy, minor complications\" \/>\n<meta property=\"og:url\" content=\"https:\/\/drricardoruz.com\/fr\/faq\/\" \/>\n<meta property=\"og:site_name\" content=\"Dr. Ricardo Ruz\" \/>\n<meta property=\"article:publisher\" content=\"https:\/\/www.facebook.com\/vasculardoctormontreal\/\" \/>\n<meta property=\"article:modified_time\" content=\"2023-09-12T17:09:49+00:00\" \/>\n<meta property=\"og:image\" content=\"https:\/\/drricardoruz.com\/wp-content\/uploads\/2019\/06\/ruz-social.jpg\" \/>\n\t<meta property=\"og:image:width\" content=\"1200\" \/>\n\t<meta property=\"og:image:height\" content=\"628\" \/>\n\t<meta property=\"og:image:type\" content=\"image\/jpeg\" \/>\n<meta name=\"twitter:card\" content=\"summary_large_image\" \/>\n<meta name=\"twitter:label1\" content=\"Dur\u00e9e de lecture estim\u00e9e\" \/>\n\t<meta name=\"twitter:data1\" content=\"7 minutes\" \/>\n<script type=\"application\/ld+json\" class=\"yoast-schema-graph\">{\"@context\":\"https:\/\/schema.org\",\"@graph\":[{\"@type\":\"WebPage\",\"@id\":\"https:\/\/drricardoruz.com\/fr\/faq\/\",\"url\":\"https:\/\/drricardoruz.com\/fr\/faq\/\",\"name\":\"Doctor Ricardo Ruz Montreal. Frequently Asked Questions\",\"isPartOf\":{\"@id\":\"https:\/\/drricardoruz.com\/fr\/#website\"},\"datePublished\":\"2019-06-05T12:29:58+00:00\",\"dateModified\":\"2023-09-12T17:09:49+00:00\",\"description\":\"Montreal Vascular Surgeon FAQ : Difference between spider & varicose veins, types and deseases, foam sclerotherapy vs regular sclerotherapy, minor complications\",\"breadcrumb\":{\"@id\":\"https:\/\/drricardoruz.com\/fr\/faq\/#breadcrumb\"},\"inLanguage\":\"fr-FR\",\"potentialAction\":[{\"@type\":\"ReadAction\",\"target\":[\"https:\/\/drricardoruz.com\/fr\/faq\/\"]}]},{\"@type\":\"BreadcrumbList\",\"@id\":\"https:\/\/drricardoruz.com\/fr\/faq\/#breadcrumb\",\"itemListElement\":[{\"@type\":\"ListItem\",\"position\":1,\"name\":\"Home\",\"item\":\"https:\/\/drricardoruz.com\/fr\/\"},{\"@type\":\"ListItem\",\"position\":2,\"name\":\"FAQ\"}]},{\"@type\":\"WebSite\",\"@id\":\"https:\/\/drricardoruz.com\/fr\/#website\",\"url\":\"https:\/\/drricardoruz.com\/fr\/\",\"name\":\"Dr. Ricardo Ruz\",\"description\":\"Just another WordPress site\",\"potentialAction\":[{\"@type\":\"SearchAction\",\"target\":{\"@type\":\"EntryPoint\",\"urlTemplate\":\"https:\/\/drricardoruz.com\/fr\/?s={search_term_string}\"},\"query-input\":\"required name=search_term_string\"}],\"inLanguage\":\"fr-FR\"}]}<\/script>\n<!-- \/ Yoast SEO plugin. -->","yoast_head_json":{"title":"Doctor Ricardo Ruz Montreal. Frequently Asked Questions","description":"Montreal Vascular Surgeon FAQ : Difference between spider & varicose veins, types and deseases, foam sclerotherapy vs regular sclerotherapy, minor complications","robots":{"index":"index","follow":"follow","max-snippet":"max-snippet:-1","max-image-preview":"max-image-preview:large","max-video-preview":"max-video-preview:-1"},"canonical":"https:\/\/drricardoruz.com\/fr\/faq\/","og_locale":"fr_FR","og_type":"article","og_title":"Doctor Ricardo Ruz Montreal. Frequently Asked Questions","og_description":"Montreal Vascular Surgeon FAQ : Difference between spider & varicose veins, types and deseases, foam sclerotherapy vs regular sclerotherapy, minor complications","og_url":"https:\/\/drricardoruz.com\/fr\/faq\/","og_site_name":"Dr. Ricardo Ruz","article_publisher":"https:\/\/www.facebook.com\/vasculardoctormontreal\/","article_modified_time":"2023-09-12T17:09:49+00:00","og_image":[{"width":1200,"height":628,"url":"https:\/\/drricardoruz.com\/wp-content\/uploads\/2019\/06\/ruz-social.jpg","type":"image\/jpeg"}],"twitter_card":"summary_large_image","twitter_misc":{"Dur\u00e9e de lecture estim\u00e9e":"7 minutes"},"schema":{"@context":"https:\/\/schema.org","@graph":[{"@type":"WebPage","@id":"https:\/\/drricardoruz.com\/fr\/faq\/","url":"https:\/\/drricardoruz.com\/fr\/faq\/","name":"Doctor Ricardo Ruz Montreal. Frequently Asked Questions","isPartOf":{"@id":"https:\/\/drricardoruz.com\/fr\/#website"},"datePublished":"2019-06-05T12:29:58+00:00","dateModified":"2023-09-12T17:09:49+00:00","description":"Montreal Vascular Surgeon FAQ : Difference between spider & varicose veins, types and deseases, foam sclerotherapy vs regular sclerotherapy, minor complications","breadcrumb":{"@id":"https:\/\/drricardoruz.com\/fr\/faq\/#breadcrumb"},"inLanguage":"fr-FR","potentialAction":[{"@type":"ReadAction","target":["https:\/\/drricardoruz.com\/fr\/faq\/"]}]},{"@type":"BreadcrumbList","@id":"https:\/\/drricardoruz.com\/fr\/faq\/#breadcrumb","itemListElement":[{"@type":"ListItem","position":1,"name":"Home","item":"https:\/\/drricardoruz.com\/fr\/"},{"@type":"ListItem","position":2,"name":"FAQ"}]},{"@type":"WebSite","@id":"https:\/\/drricardoruz.com\/fr\/#website","url":"https:\/\/drricardoruz.com\/fr\/","name":"Dr. Ricardo Ruz","description":"Just another WordPress site","potentialAction":[{"@type":"SearchAction","target":{"@type":"EntryPoint","urlTemplate":"https:\/\/drricardoruz.com\/fr\/?s={search_term_string}"},"query-input":"required name=search_term_string"}],"inLanguage":"fr-FR"}]}},"_links":{"self":[{"href":"https:\/\/drricardoruz.com\/fr\/wp-json\/wp\/v2\/pages\/1049"}],"collection":[{"href":"https:\/\/drricardoruz.com\/fr\/wp-json\/wp\/v2\/pages"}],"about":[{"href":"https:\/\/drricardoruz.com\/fr\/wp-json\/wp\/v2\/types\/page"}],"author":[{"embeddable":true,"href":"https:\/\/drricardoruz.com\/fr\/wp-json\/wp\/v2\/users\/1"}],"replies":[{"embeddable":true,"href":"https:\/\/drricardoruz.com\/fr\/wp-json\/wp\/v2\/comments?post=1049"}],"version-history":[{"count":2,"href":"https:\/\/drricardoruz.com\/fr\/wp-json\/wp\/v2\/pages\/1049\/revisions"}],"predecessor-version":[{"id":1051,"href":"https:\/\/drricardoruz.com\/fr\/wp-json\/wp\/v2\/pages\/1049\/revisions\/1051"}],"wp:attachment":[{"href":"https:\/\/drricardoruz.com\/fr\/wp-json\/wp\/v2\/media?parent=1049"}],"curies":[{"name":"wp","href":"https:\/\/api.w.org\/{rel}","templated":true}]}}