{"id":1045,"date":"2019-06-05T13:26:59","date_gmt":"2019-06-05T13:26:59","guid":{"rendered":"https:\/\/drricardoruz.com\/financement\/"},"modified":"2023-09-12T16:10:26","modified_gmt":"2023-09-12T16:10:26","slug":"financement","status":"publish","type":"page","link":"https:\/\/drricardoruz.com\/fr\/financement\/","title":{"rendered":"Financement"},"content":{"rendered":"<p>[vc_row css_animation=\u00a0\u00bb\u00a0\u00bb row_type=\u00a0\u00bbrow\u00a0\u00bb use_row_as_full_screen_section=\u00a0\u00bbno\u00a0\u00bb type=\u00a0\u00bbgrid\u00a0\u00bb angled_section=\u00a0\u00bbno\u00a0\u00bb text_align=\u00a0\u00bbleft\u00a0\u00bb background_image_as_pattern=\u00a0\u00bbwithout_pattern\u00a0\u00bb z_index=\u00a0\u00bb\u00a0\u00bb el_class=\u00a0\u00bbprocedure-box\u00a0\u00bb el_id=\u00a0\u00bbfinancing\u00a0\u00bb][vc_column width=\u00a0\u00bb1\/2&Prime; el_class=\u00a0\u00bbright-shadow\u00a0\u00bb][vc_column_text]<\/p>\n<h2>FINANCEMENT<\/h2>\n<h3>L&rsquo;INVESTISSEMENT DANS VOTRE APPARENCE PERSONNELLE ET VOTRE BIEN-\u00caTRE NE DEVRAIT \u00caTRE UN OBSTACLE POUR AUCUN DE NOS PATIENTS.<\/h3>\n<p>Le Dr Ruz propose un financement comme alternative pour obtenir la proc\u00e9dure dont vous avez besoin. Nous travaillons avec Credit Medical qui offre un service et des taux exceptionnels. Dans la plupart des cas, le financement offre un paiement mensuel faible qui peut s&rsquo;adapter confortablement \u00e0 votre budget mensuel et un financement \u00e0 faible taux d&rsquo;int\u00e9r\u00eat pour n&rsquo;importe laquelle de nos proc\u00e9dures de pr\u00e9occupation vasculaire.<\/p>\n<h4 style=\"text-align: center;\">3 \u00e9tapes faciles pour obtenir le pr\u00eat dont vous avez besoin :<\/h4>\n<p>[\/vc_column_text][vc_raw_html]ICAgICAgPHVsIGNsYXNzPSJwcm9ncmVzc2JhciI+DQogICAgICAgICAgPGxpPlJlbXBsaXIgbGUgZm9ybXVsYWlyZSBkZSBkZW1hbmRlPC9saT4NCiAgICAgICAgICA8bGk+U2lnbmVyIGV0IHJlbnZveWVyIGxlIGNvbnRyYXQ8L2xpPg0KICAgICAgICAgIDxsaSAgY2xhc3M9ImFjdGl2ZSI+TGUgcGFpZW1lbnQgZXN0IGVudm95w6kgw6Agdm90cmUgbcOpZGVjaW4gZW4gdm90cmUgbm9tPC9saT4NCiAgPC91bD4=[\/vc_raw_html][\/vc_column][vc_column width=\u00a0\u00bb1\/2&Prime; el_class=\u00a0\u00bbcredit\u00a0\u00bb][vc_single_image image=\u00a0\u00bb949&Prime; img_size=\u00a0\u00bbfull\u00a0\u00bb onclick=\u00a0\u00bbcustom_link\u00a0\u00bb img_link_target=\u00a0\u00bb_blank\u00a0\u00bb qode_css_animation=\u00a0\u00bb\u00a0\u00bb link=\u00a0\u00bbhttps:\/\/creditmedical.com\/\u00a0\u00bb][vc_column_text]<\/p>\n<h3>AVANTAGES DU FINANCEMENT PAR CR\u00c9DIT M\u00c9DICAL<\/h3>\n<ul class=\"checkmarks\">\n<li>Approbation rapide et facile du cr\u00e9dit.<\/li>\n<li>Pas d&rsquo;acompte ni de garantie.<\/li>\n<li>Confidentialit\u00e9 assur\u00e9e.<\/li>\n<li>Des taux d&rsquo;int\u00e9r\u00eat comp\u00e9titifs.<\/li>\n<li>Taux d&rsquo;int\u00e9r\u00eat fixes pendant toute la dur\u00e9e du remboursement.<\/li>\n<li>Les pr\u00eats sont ouverts et peuvent \u00eatre rembours\u00e9s \u00e0 tout moment sans p\u00e9nalit\u00e9s.<\/li>\n<li>Financez le montant de votre choix \u00e0 partir de 1000 $.<\/li>\n<li>Conditions de remboursement pouvant aller jusqu&rsquo;\u00e0 72 mois.<\/li>\n<\/ul>\n<p>Pour en savoir plus, visitez le site  <a href=\"https:\/\/creditmedical.com\/\" target=\"_blank\" rel=\"noopener noreferrer\">Credit Medical<\/a>. [\/vc_column_text][\/vc_column][\/vc_row]<\/p>\n","protected":false},"excerpt":{"rendered":"<p>[vc_row css_animation=\u00a0\u00bb\u00a0\u00bb row_type=\u00a0\u00bbrow\u00a0\u00bb use_row_as_full_screen_section=\u00a0\u00bbno\u00a0\u00bb type=\u00a0\u00bbgrid\u00a0\u00bb angled_section=\u00a0\u00bbno\u00a0\u00bb text_align=\u00a0\u00bbleft\u00a0\u00bb background_image_as_pattern=\u00a0\u00bbwithout_pattern\u00a0\u00bb z_index=\u00a0\u00bb\u00a0\u00bb el_class=\u00a0\u00bbprocedure-box\u00a0\u00bb el_id=\u00a0\u00bbfinancing\u00a0\u00bb][vc_column width=\u00a0\u00bb1\/2&Prime; el_class=\u00a0\u00bbright-shadow\u00a0\u00bb][vc_column_text] FINANCEMENT L&rsquo;INVESTISSEMENT DANS VOTRE APPARENCE PERSONNELLE ET VOTRE BIEN-\u00caTRE NE DEVRAIT \u00caTRE UN OBSTACLE POUR AUCUN DE NOS PATIENTS. Le Dr Ruz propose un financement comme alternative pour obtenir la proc\u00e9dure dont&#8230;<\/p>\n","protected":false},"author":1,"featured_media":0,"parent":0,"menu_order":0,"comment_status":"closed","ping_status":"closed","template":"full_width.php","meta":{"footnotes":""},"acf":[],"yoast_head":"<!-- This site is optimized with the Yoast SEO plugin v21.1 - https:\/\/yoast.com\/wordpress\/plugins\/seo\/ -->\n<title>Financing for credit available at Dr Ricardo Ruz Montreal Clinic<\/title>\n<meta name=\"description\" content=\"Dr. Ruz offers financing as an alternative to obtain the procedure you require.\" \/>\n<meta name=\"robots\" content=\"index, follow, max-snippet:-1, max-image-preview:large, max-video-preview:-1\" \/>\n<link rel=\"canonical\" href=\"https:\/\/drricardoruz.com\/fr\/financement\/\" \/>\n<meta property=\"og:locale\" content=\"fr_FR\" \/>\n<meta property=\"og:type\" content=\"article\" \/>\n<meta property=\"og:title\" content=\"Financing for credit available at Dr Ricardo Ruz Montreal Clinic\" \/>\n<meta property=\"og:description\" content=\"Dr. Ruz offers financing as an alternative to obtain the procedure you require.\" \/>\n<meta property=\"og:url\" content=\"https:\/\/drricardoruz.com\/fr\/financement\/\" \/>\n<meta property=\"og:site_name\" content=\"Dr. Ricardo Ruz\" \/>\n<meta property=\"article:publisher\" content=\"https:\/\/www.facebook.com\/vasculardoctormontreal\/\" \/>\n<meta property=\"article:modified_time\" content=\"2023-09-12T16:10:26+00:00\" \/>\n<meta property=\"og:image\" content=\"https:\/\/drricardoruz.com\/wp-content\/uploads\/2019\/06\/ruz-social.jpg\" \/>\n\t<meta property=\"og:image:width\" content=\"1200\" \/>\n\t<meta property=\"og:image:height\" content=\"628\" \/>\n\t<meta property=\"og:image:type\" content=\"image\/jpeg\" \/>\n<meta name=\"twitter:card\" content=\"summary_large_image\" \/>\n<meta name=\"twitter:label1\" content=\"Dur\u00e9e de lecture estim\u00e9e\" \/>\n\t<meta name=\"twitter:data1\" content=\"2 minutes\" \/>\n<script type=\"application\/ld+json\" class=\"yoast-schema-graph\">{\"@context\":\"https:\/\/schema.org\",\"@graph\":[{\"@type\":\"WebPage\",\"@id\":\"https:\/\/drricardoruz.com\/fr\/financement\/\",\"url\":\"https:\/\/drricardoruz.com\/fr\/financement\/\",\"name\":\"Financing for credit available at Dr Ricardo Ruz Montreal Clinic\",\"isPartOf\":{\"@id\":\"https:\/\/drricardoruz.com\/fr\/#website\"},\"datePublished\":\"2019-06-05T13:26:59+00:00\",\"dateModified\":\"2023-09-12T16:10:26+00:00\",\"description\":\"Dr. Ruz offers financing as an alternative to obtain the procedure you require.\",\"breadcrumb\":{\"@id\":\"https:\/\/drricardoruz.com\/fr\/financement\/#breadcrumb\"},\"inLanguage\":\"fr-FR\",\"potentialAction\":[{\"@type\":\"ReadAction\",\"target\":[\"https:\/\/drricardoruz.com\/fr\/financement\/\"]}]},{\"@type\":\"BreadcrumbList\",\"@id\":\"https:\/\/drricardoruz.com\/fr\/financement\/#breadcrumb\",\"itemListElement\":[{\"@type\":\"ListItem\",\"position\":1,\"name\":\"Home\",\"item\":\"https:\/\/drricardoruz.com\/fr\/\"},{\"@type\":\"ListItem\",\"position\":2,\"name\":\"Financement\"}]},{\"@type\":\"WebSite\",\"@id\":\"https:\/\/drricardoruz.com\/fr\/#website\",\"url\":\"https:\/\/drricardoruz.com\/fr\/\",\"name\":\"Dr. Ricardo Ruz\",\"description\":\"Just another WordPress site\",\"potentialAction\":[{\"@type\":\"SearchAction\",\"target\":{\"@type\":\"EntryPoint\",\"urlTemplate\":\"https:\/\/drricardoruz.com\/fr\/?s={search_term_string}\"},\"query-input\":\"required name=search_term_string\"}],\"inLanguage\":\"fr-FR\"}]}<\/script>\n<!-- \/ Yoast SEO plugin. -->","yoast_head_json":{"title":"Financing for credit available at Dr Ricardo Ruz Montreal Clinic","description":"Dr. Ruz offers financing as an alternative to obtain the procedure you require.","robots":{"index":"index","follow":"follow","max-snippet":"max-snippet:-1","max-image-preview":"max-image-preview:large","max-video-preview":"max-video-preview:-1"},"canonical":"https:\/\/drricardoruz.com\/fr\/financement\/","og_locale":"fr_FR","og_type":"article","og_title":"Financing for credit available at Dr Ricardo Ruz Montreal Clinic","og_description":"Dr. Ruz offers financing as an alternative to obtain the procedure you require.","og_url":"https:\/\/drricardoruz.com\/fr\/financement\/","og_site_name":"Dr. Ricardo Ruz","article_publisher":"https:\/\/www.facebook.com\/vasculardoctormontreal\/","article_modified_time":"2023-09-12T16:10:26+00:00","og_image":[{"width":1200,"height":628,"url":"https:\/\/drricardoruz.com\/wp-content\/uploads\/2019\/06\/ruz-social.jpg","type":"image\/jpeg"}],"twitter_card":"summary_large_image","twitter_misc":{"Dur\u00e9e de lecture estim\u00e9e":"2 minutes"},"schema":{"@context":"https:\/\/schema.org","@graph":[{"@type":"WebPage","@id":"https:\/\/drricardoruz.com\/fr\/financement\/","url":"https:\/\/drricardoruz.com\/fr\/financement\/","name":"Financing for credit available at Dr Ricardo Ruz Montreal Clinic","isPartOf":{"@id":"https:\/\/drricardoruz.com\/fr\/#website"},"datePublished":"2019-06-05T13:26:59+00:00","dateModified":"2023-09-12T16:10:26+00:00","description":"Dr. Ruz offers financing as an alternative to obtain the procedure you require.","breadcrumb":{"@id":"https:\/\/drricardoruz.com\/fr\/financement\/#breadcrumb"},"inLanguage":"fr-FR","potentialAction":[{"@type":"ReadAction","target":["https:\/\/drricardoruz.com\/fr\/financement\/"]}]},{"@type":"BreadcrumbList","@id":"https:\/\/drricardoruz.com\/fr\/financement\/#breadcrumb","itemListElement":[{"@type":"ListItem","position":1,"name":"Home","item":"https:\/\/drricardoruz.com\/fr\/"},{"@type":"ListItem","position":2,"name":"Financement"}]},{"@type":"WebSite","@id":"https:\/\/drricardoruz.com\/fr\/#website","url":"https:\/\/drricardoruz.com\/fr\/","name":"Dr. Ricardo Ruz","description":"Just another WordPress site","potentialAction":[{"@type":"SearchAction","target":{"@type":"EntryPoint","urlTemplate":"https:\/\/drricardoruz.com\/fr\/?s={search_term_string}"},"query-input":"required name=search_term_string"}],"inLanguage":"fr-FR"}]}},"_links":{"self":[{"href":"https:\/\/drricardoruz.com\/fr\/wp-json\/wp\/v2\/pages\/1045"}],"collection":[{"href":"https:\/\/drricardoruz.com\/fr\/wp-json\/wp\/v2\/pages"}],"about":[{"href":"https:\/\/drricardoruz.com\/fr\/wp-json\/wp\/v2\/types\/page"}],"author":[{"embeddable":true,"href":"https:\/\/drricardoruz.com\/fr\/wp-json\/wp\/v2\/users\/1"}],"replies":[{"embeddable":true,"href":"https:\/\/drricardoruz.com\/fr\/wp-json\/wp\/v2\/comments?post=1045"}],"version-history":[{"count":3,"href":"https:\/\/drricardoruz.com\/fr\/wp-json\/wp\/v2\/pages\/1045\/revisions"}],"predecessor-version":[{"id":1048,"href":"https:\/\/drricardoruz.com\/fr\/wp-json\/wp\/v2\/pages\/1045\/revisions\/1048"}],"wp:attachment":[{"href":"https:\/\/drricardoruz.com\/fr\/wp-json\/wp\/v2\/media?parent=1045"}],"curies":[{"name":"wp","href":"https:\/\/api.w.org\/{rel}","templated":true}]}}