{"id":1041,"date":"2019-06-12T12:36:38","date_gmt":"2019-06-12T12:36:38","guid":{"rendered":"https:\/\/drricardoruz.com\/varicose-veins\/"},"modified":"2023-09-12T15:57:36","modified_gmt":"2023-09-12T15:57:36","slug":"varicose-veins","status":"publish","type":"page","link":"https:\/\/drricardoruz.com\/fr\/varicose-veins\/","title":{"rendered":"Varicose veins"},"content":{"rendered":"<p>[vc_row css_animation=\u00a0\u00bb\u00a0\u00bb row_type=\u00a0\u00bbrow\u00a0\u00bb use_row_as_full_screen_section=\u00a0\u00bbno\u00a0\u00bb type=\u00a0\u00bbgrid\u00a0\u00bb angled_section=\u00a0\u00bbno\u00a0\u00bb text_align=\u00a0\u00bbleft\u00a0\u00bb background_image_as_pattern=\u00a0\u00bbwithout_pattern\u00a0\u00bb z_index=\u00a0\u00bb\u00a0\u00bb anchor=\u00a0\u00bbbenefits\u00a0\u00bb el_class=\u00a0\u00bbprocedure-box shd z9 herocond flexed centered\u00a0\u00bb][vc_column width=\u00a0\u00bb1\/2&Prime;][vc_column_text]<\/p>\n<h2>QU&rsquo;EST-CE QUE LES VARICES ?<\/h2>\n<p>Les varices sont g\u00e9n\u00e9ralement caus\u00e9es par l&rsquo;arr\u00eat du fonctionnement des valves de pompage. Elles peuvent appara\u00eetre sur\u00e9lev\u00e9es par rapport \u00e0 la peau (g\u00e9n\u00e9ralement class\u00e9es comme grosses et moyennes varices) ou petites, rouges et non sur\u00e9lev\u00e9es, qui sont g\u00e9n\u00e9ralement class\u00e9es comme des veines d&rsquo;araign\u00e9e ou le terme technique, t\u00e9langiectasie.<\/p>\n<p>Les varices touchent plus de 50 % de la population. En raison de facteurs hormonaux, elles sont trois fois plus fr\u00e9quentes chez les femmes que chez les hommes. Les varices sont principalement dues \u00e0 l&rsquo;h\u00e9r\u00e9dit\u00e9, mais peuvent \u00e9galement \u00eatre provoqu\u00e9es par la grossesse, le vieillissement, l&rsquo;ob\u00e9sit\u00e9 et le travail en position debout prolong\u00e9e. Elles sont le premier signe d&rsquo;un dysfonctionnement veineux et peuvent entra\u00eener de nombreux sympt\u00f4mes tels que des douleurs, des lourdeurs, des d\u00e9mangeaisons, des gonflements, des crampes et des impatiences nocturnes. Elles peuvent se compliquer d&rsquo;une coagulation (thrombophl\u00e9bite superficielle) ou d&rsquo;un saignement.<\/p>\n<p>En l&rsquo;absence de traitement, 20 \u00e0 30 % des patients d\u00e9velopperont des signes plus avanc\u00e9s d&rsquo;incomp\u00e9tence veineuse tels que l&rsquo;hyperpigmentation (brunissement irr\u00e9versible de la peau), la lipodermatoscl\u00e9rose (\u00e9paississement inflammatoire de la peau) et, en fin de compte, les ulc\u00e8res veineux (rupture de la peau avec des plaies chroniques).<\/p>\n<p class=\"hide-md\">Il y a une tr\u00e8s faible augmentation (<5%) du risque de coagulation des veines profondes (thrombose veineuse profonde) qui est en soi dangereuse car elle peut conduire \u00e0 des embolies pulmonaires (caillots se d\u00e9pla\u00e7ant vers les poumons) et n\u00e9cessite une anticoagulation.<\/p>\n<p>[\/vc_column_text][\/vc_column][vc_column width=\u00a0\u00bb1\/2&Prime;][vc_raw_html]PGlmcmFtZQ0KICBpZD0iZW1iZWRkZWQtaHVtYW4iDQogIGZyYW1lQm9yZGVyPSIwIg0KICB3aWR0aD0iNzAwIg0KICBoZWlnaHQ9IjU1MCINCiAgYWxsb3dGdWxsU2NyZWVuPSJ0cnVlIg0KICBzcmM9Imh0dHBzOi8vaHVtYW4uYmlvZGlnaXRhbC5jb20vd2lkZ2V0Lz9iZT0yd2RSJnVpLWluZm89ZmFsc2UmdWktem9vbT10cnVlJnVpLXNoYXJlPWZhbHNlJmxvYWQtcm90YXRlPTUmaW5pdGlhbC5oYW5kLWhpbnQ9dHJ1ZSZkaXNhYmxlLXNjcm9sbC5hbGVydD10cnVlJnVhaWQ9NDFYRFQiPg0KPC9pZnJhbWU+[\/vc_raw_html][vc_column_text el_class=\u00a0\u00bbview-video\u00a0\u00bb]Visionner la  <a class=\"qode_video_image\" href=\"https:\/\/www.youtube.com\/watch?v=cdAPdK5e8ug\" rel=\"prettyPhoto\" data-rel=\"prettyPhoto\">video<\/a> expliquant la diff\u00e9rence entre les varicosit\u00e9s et les varices.[\/vc_column_text][vc_column_text el_class=\u00a0\u00bbshow-md mt-40&Prime;]Il y a une tr\u00e8s faible augmentation (<5%) du risque de coagulation des veines profondes (thrombose veineuse profonde) qui est en soi dangereuse car elle peut conduire \u00e0 des embolies pulmonaires (caillots se d\u00e9pla\u00e7ant vers les poumons) et n\u00e9cessite une anticoagulation.[\/vc_column_text][\/vc_column][\/vc_row][vc_row css_animation=\"\" row_type=\"row\" use_row_as_full_screen_section=\"no\" type=\"grid\" angled_section=\"no\" text_align=\"left\" background_image_as_pattern=\"without_pattern\" z_index=\"\" anchor=\"benefits\" el_class=\"procedure-box shd z8 flexed centered\" el_id=\"condition-hero\"][vc_column width=\"1\/2\"][qode_video_box video_link=\"https:\/\/youtu.be\/nHNHVJeBglo\" video_image=\"661\"][\/vc_column][vc_column width=\"1\/2\"][vc_column_text el_class=\"causes z8\"]\n\n\n<h2>QUELLES SONT LES OPTIONS DE TRAITEMENT DES VARICES ?<\/h2>\n<p>Il existe de multiples solutions pour \u00e9liminer ou r\u00e9duire l&rsquo;apparence des varices et des varicosit\u00e9s. Le d\u00e9fi du traitement des varices r\u00e9side dans la capacit\u00e9 d&rsquo;un m\u00e9decin bien form\u00e9 \u00e0 interpr\u00e9ter les manifestations cliniques et l&rsquo;\u00e9chographie Doppler lorsqu&rsquo;elle est indiqu\u00e9e. La strat\u00e9gie de traitement est g\u00e9n\u00e9ralement multiple et doit \u00eatre adapt\u00e9e \u00e0 chaque patient. Chaque patient doit se conformer \u00e0 l&rsquo;utilisation des bas de compression prescrits.<\/p>\n<p>Les options de traitement comprennent la <a href=\"https:\/\/drricardoruz.com\/fr\/procedure\/sclerotherapie-liquide\/\">Sclerotherapy<\/a>, qui consiste \u00e0 injecter une solution saline sp\u00e9ciale (pour les veines de 1 \u00e0 3 mm) ou une solution de <a href=\"https:\/\/drricardoruz.com\/fr\/procedure\/sclerotherapie-a-la-mousse\/\">Scl\u00e9roth\u00e9rapie en mousse<\/a> (pour les veines de plus de 3 mm) dans les veines arachn\u00e9ennes et r\u00e9ticulaires de plus grande taille, ce qui entra\u00eene leur r\u00e9tr\u00e9cissement, et les<br \/>\n <a href=\"https:\/\/drricardoruz.com\/fr\/procedure\/venaseal-ablation-endoveineuse-non-thermique\/\">techniques d&rsquo;ablation endoveineuse<\/a>, qui traitent les varices de plus grande taille et plus profondes caus\u00e9es par l&rsquo;incomp\u00e9tence veineuse. [\/vc_column_text][\/vc_column][\/vc_row][vc_row css_animation=\u00a0\u00bb\u00a0\u00bb row_type=\u00a0\u00bbrow\u00a0\u00bb use_row_as_full_screen_section=\u00a0\u00bbno\u00a0\u00bb type=\u00a0\u00bbgrid\u00a0\u00bb angled_section=\u00a0\u00bbno\u00a0\u00bb text_align=\u00a0\u00bbleft\u00a0\u00bb background_image_as_pattern=\u00a0\u00bbwithout_pattern\u00a0\u00bb z_index=\u00a0\u00bb\u00a0\u00bb anchor=\u00a0\u00bbbenefits\u00a0\u00bb el_class=\u00a0\u00bbprocedure-box shd z7 herocond flexed centered\u00a0\u00bb][vc_column width=\u00a0\u00bb1\/2&Prime;][vc_column_text]<\/p>\n<h2>COMMENT SAVOIR QUEL TRAITEMENT ME CONVIENT LE MIEUX ?<\/h2>\n<p>Votre premier rendez-vous sera avec un chirurgien vasculaire, v\u00e9ritable sp\u00e9cialiste des veines, qui examinera les varices qui vous g\u00eanent, vous proposera le bilan diagnostique appropri\u00e9 et vous expliquera les options th\u00e9rapeutiques disponibles.<\/p>\n<p>Le Dr Ruz dirige l&rsquo;\u00e9quipe d&rsquo;interventionnistes vasculaires dans tous les sites de Victoria Park Medispa et assurera une s\u00e9quence de traitement de haute qualit\u00e9.<br \/>\nSi vous ou l&rsquo;un de vos proches pensez souffrir d&rsquo;une forme de maladie vasculaire, il est important de contacter un m\u00e9decin de confiance sp\u00e9cialis\u00e9 et exp\u00e9riment\u00e9 dans le diagnostic et la chirurgie vasculaires.<\/p>\n<p>Le Dr Ricardo Ruz est titulaire d&rsquo;une qualification sp\u00e9ciale en chirurgie vasculaire et aborde vos probl\u00e8mes vasculaires de mani\u00e8re consciencieuse. Vous pouvez \u00eatre s\u00fbr que toutes les options pour une sant\u00e9 \u00e0 long terme vous seront propos\u00e9es.[\/vc_column_text][\/vc_column][vc_column width=\u00a0\u00bb1\/2&Prime;]<div class=\"qode_video_box\">\n\t<a itemprop=\"image\" class=\"qode_video_image\" href=\"https:\/\/youtu.be\/j-k7mmU-47k\" data-rel=\"prettyPhoto\">\n\t\t\t\n\t\t\t<img src=\"https:\/\/drricardoruz.com\/wp-content\/uploads\/2019\/06\/Esthetics-as-a-goal-of-varicose-veins.jpg\" \/>\n\t\t\t<span class=\"qode_video_box_button_holder\">\n\t\t\t\t<span class=\"qode_video_box_button\">\n\t\t\t\t\t<span class=\"qode_video_box_button_arrow\">\n\t\t\t\t\t<\/span>\n\t\t\t\t<\/span>\n\t\t\t<\/span>\n\t\t\t<\/a>\n<\/div>[\/vc_column][\/vc_row][vc_row css_animation=\u00a0\u00bb\u00a0\u00bb row_type=\u00a0\u00bbrow\u00a0\u00bb use_row_as_full_screen_section=\u00a0\u00bbno\u00a0\u00bb type=\u00a0\u00bbgrid\u00a0\u00bb angled_section=\u00a0\u00bbno\u00a0\u00bb text_align=\u00a0\u00bbleft\u00a0\u00bb background_image_as_pattern=\u00a0\u00bbwithout_pattern\u00a0\u00bb z_index=\u00a0\u00bb\u00a0\u00bb el_id=\u00a0\u00bbmedium\u00a0\u00bb][vc_column width=\u00a0\u00bb1\/3&Prime;][vc_single_image image=\u00a0\u00bb958&Prime; img_size=\u00a0\u00bbfull\u00a0\u00bb alignment=\u00a0\u00bbcenter\u00a0\u00bb qode_css_animation=\u00a0\u00bb\u00a0\u00bb][\/vc_column][vc_column width=\u00a0\u00bb2\/3&Prime;][vc_column_text]En choisissant le Dr Ricardo Ruz, vous choisissez un prestataire de soins de sant\u00e9 qui vous assurera les soins les plus r\u00e9cents et de la meilleure qualit\u00e9 possible gr\u00e2ce \u00e0 des technologies m\u00e9dicales de pointe. Que vous soyez \u00e0 la recherche d&rsquo;un premier examen ou d&rsquo;un second avis sur votre \u00e9tat de sant\u00e9, le Dr Ruz et son \u00e9quipe sont \u00e0 votre disposition pour discuter d&rsquo;autres options et vous conseiller sur les traitements possibles.<\/p>\n<p><a class=\"qbutton default\" href=\"https:\/\/drricardoruz.com\/fr\/consultation\/\">PLANIFIER UNE VISITE<\/a>[\/vc_column_text][\/vc_column][\/vc_row][vc_row css_animation=\u00a0\u00bb\u00a0\u00bb row_type=\u00a0\u00bbrow\u00a0\u00bb use_row_as_full_screen_section=\u00a0\u00bbno\u00a0\u00bb type=\u00a0\u00bbgrid\u00a0\u00bb angled_section=\u00a0\u00bbno\u00a0\u00bb text_align=\u00a0\u00bbleft\u00a0\u00bb background_image_as_pattern=\u00a0\u00bbwithout_pattern\u00a0\u00bb z_index=\u00a0\u00bb\u00a0\u00bb anchor=\u00a0\u00bbbenefits\u00a0\u00bb el_class=\u00a0\u00bbprocedure-box shd z7 flexed centered\u00a0\u00bb][vc_column][vc_column_text el_class=\u00a0\u00bbcol-3-text\u00a0\u00bb]<\/p>\n<h2 style=\"text-align: left;\">COMMENT PR\u00c9VENIR LES VARICES ?<\/h2>\n<p>La meilleure fa\u00e7on d&rsquo;\u00e9viter que les varices ne vous affectent est de choisir judicieusement vos parents. Maintenant que vous l&rsquo;avez fait, comprenez que, le plus souvent, l&rsquo;apparition d&rsquo;une insuffisance veineuse ou de varicosit\u00e9s n&rsquo;est pas de votre ressort.<\/p>\n<p>Si l&rsquo;alimentation, le mode de vie et le tabagisme ont un effet direct sur les art\u00e8res, ils n&rsquo;ont pas d&rsquo;effet direct sur les veines. Indirectement, des affections telles que la constipation peuvent provoquer une augmentation de la pression abdominale, ce qui peut accro\u00eetre la pression sur les veines des jambes.<\/p>\n<p>Les bas de contention peuvent \u00eatre port\u00e9s et peuvent m\u00eame soulager une personne pr\u00e9sentant des sympt\u00f4mes de varices, mais les bas de compression n&#8217;emp\u00eachent pas les varices de grossir et ne les gu\u00e9rissent pas.<\/p>\n<p>Maintenir un poids normal, car l&rsquo;ob\u00e9sit\u00e9 favorise l&rsquo;apparition de varices. L&rsquo;exercice physique aggrave-t-il les veines ? C&rsquo;est une question fr\u00e9quente, et la r\u00e9ponse est que nous n&rsquo;en savons rien. Les varices et les varicosit\u00e9s se manifestent souvent davantage lors d&rsquo;un exercice physique intense, mais s&rsquo;am\u00e9liorent ensuite lorsque l&rsquo;on revient \u00e0 une activit\u00e9 normale sans exercice. M\u00eame la simple marche est un exercice, il n&rsquo;est donc pas possible de dire si l&rsquo;exercice favorise ou aggrave les veines des jambes.<\/p>\n<p>L&rsquo;\u00e9l\u00e9vation des jambes est parfois sugg\u00e9r\u00e9e mais souvent peu pratique pour la plupart des personnes occup\u00e9es. M\u00eame si vous sur\u00e9leviez vos jambes chaque jour pendant une heure suppl\u00e9mentaire, elles resteraient d\u00e9pendantes (en dessous du c\u0153ur) pendant la majeure partie de la journ\u00e9e. L&rsquo;\u00e9l\u00e9vation au moment de l&rsquo;alitement n&rsquo;est certainement pas mauvaise, mais la nuit, lorsque le c\u0153ur et les veines des jambes sont \u00e0 la m\u00eame hauteur, c&rsquo;est le moment o\u00f9 l&rsquo;\u00e9l\u00e9vation est la moins n\u00e9cessaire.[\/vc_column_text][\/vc_column][\/vc_row][vc_row css_animation=\u00a0\u00bb\u00a0\u00bb row_type=\u00a0\u00bbrow\u00a0\u00bb use_row_as_full_screen_section=\u00a0\u00bbno\u00a0\u00bb type=\u00a0\u00bbgrid\u00a0\u00bb angled_section=\u00a0\u00bbno\u00a0\u00bb text_align=\u00a0\u00bbleft\u00a0\u00bb background_image_as_pattern=\u00a0\u00bbwithout_pattern\u00a0\u00bb z_index=\u00a0\u00bb\u00a0\u00bb anchor=\u00a0\u00bbbenefits\u00a0\u00bb el_class=\u00a0\u00bbprocedure-box shd z5&Prime; el_id=\u00a0\u00bbdiag\u00a0\u00bb][vc_column][vc_column_text]<\/p>\n<h2 style=\"text-align: center;\">DIAGNOSTIC<\/h2>\n<p>[\/vc_column_text][vc_row_inner row_type=\u00a0\u00bbrow\u00a0\u00bb type=\u00a0\u00bbfull_width\u00a0\u00bb text_align=\u00a0\u00bbleft\u00a0\u00bb css_animation=\u00a0\u00bb\u00a0\u00bb][vc_column_inner]<div class=\"qode-advanced-tabs qode-advanced-tabs qode-advanced-horizontal-tab clearfix qode-advanced-tab-without-icon qode-advanced-tabs-column-4 clearfix\">\n\t<ul class=\"qode-advanced-tabs-nav\">\n\t\t\t\t\t<li>\n\t\t\t\t<h4>\n\t\t\t\t\t<a href=\"#tab-condition\">\n\t\t\t\t\t\t\n\t\t\t\t\t\t\t\t\t\t\t\t\t<span class=\"qode-advanced-tab-text-after-icon\">\n\t\t\t\t\t\t\t\tCondition\t\t\t\t\t\t\t<\/span>\n\t\t\t\t\t\t\t\t\t\t\t<\/a>\n\t\t\t\t<\/h4>\n\t\t\t<\/li>\n\t\t\t\t\t<li>\n\t\t\t\t<h4>\n\t\t\t\t\t<a href=\"#tab-examen\">\n\t\t\t\t\t\t\n\t\t\t\t\t\t\t\t\t\t\t\t\t<span class=\"qode-advanced-tab-text-after-icon\">\n\t\t\t\t\t\t\t\tExamen\t\t\t\t\t\t\t<\/span>\n\t\t\t\t\t\t\t\t\t\t\t<\/a>\n\t\t\t\t<\/h4>\n\t\t\t<\/li>\n\t\t\t\t\t<li>\n\t\t\t\t<h4>\n\t\t\t\t\t<a href=\"#tab-diagnostic\">\n\t\t\t\t\t\t\n\t\t\t\t\t\t\t\t\t\t\t\t\t<span class=\"qode-advanced-tab-text-after-icon\">\n\t\t\t\t\t\t\t\tDiagnostic\t\t\t\t\t\t\t<\/span>\n\t\t\t\t\t\t\t\t\t\t\t<\/a>\n\t\t\t\t<\/h4>\n\t\t\t<\/li>\n\t\t\t\t\t<li>\n\t\t\t\t<h4>\n\t\t\t\t\t<a href=\"#tab-solution\">\n\t\t\t\t\t\t\n\t\t\t\t\t\t\t\t\t\t\t\t\t<span class=\"qode-advanced-tab-text-after-icon\">\n\t\t\t\t\t\t\t\tSolution\t\t\t\t\t\t\t<\/span>\n\t\t\t\t\t\t\t\t\t\t\t<\/a>\n\t\t\t\t<\/h4>\n\t\t\t<\/li>\n\t\t\t<\/ul>\n\t<div class=\"qode-advanced-tab-container\" id=\"tab-condition-871\" data-icon-pack=\"\" data-icon-html=\"\">[vc_column_text]Si vous pensez pr\u00e9senter des <a href=\"#solutions\">sympt\u00f4mes de varices<\/a>, le Dr Ricardo Ruz poss\u00e8de l&rsquo;expertise et les ann\u00e9es d&rsquo;exp\u00e9rience n\u00e9cessaires pour les traiter avec les meilleures proc\u00e9dures possibles disponibles dans l&rsquo;industrie.<\/p>\n<p>Visitez le Dr Ruz pour un examen physique afin d&rsquo;obtenir des conseils sur les traitements possibles pour votre sant\u00e9 ou vos pr\u00e9occupations esth\u00e9tiques.[\/vc_column_text]<\/div><div class=\"qode-advanced-tab-container\" id=\"tab-examen-694\" data-icon-pack=\"\" data-icon-html=\"\">[vc_column_text]Pour diagnostiquer les affections vasculaires, le Dr Ruz proc\u00e9dera \u00e0 un examen physique, notamment en observant vos jambes en position debout pour v\u00e9rifier la pr\u00e9sence d&rsquo;un gonflement. Il pourra \u00e9galement vous demander de d\u00e9crire les douleurs et les courbatures que vous ressentez dans vos jambes. Un diagnostic pr\u00e9cis est n\u00e9cessaire pour d\u00e9finir l&rsquo;anatomie et la physiopathologie impliqu\u00e9es dans le processus de la maladie.<\/p>\n<p>Apr\u00e8s l&rsquo;examen, le Dr Ruz d\u00e9terminera si le patient a besoin d&rsquo;un Doppler ou si les traitements de scl\u00e9roth\u00e9rapie peuvent commencer imm\u00e9diatement. Il \u00e9valuera le nombre de traitements n\u00e9cessaires.[\/vc_column_text]<\/div><div class=\"qode-advanced-tab-container\" id=\"tab-diagnostic-918\" data-icon-pack=\"\" data-icon-html=\"\">[vc_column_text]Afin de confirmer le diagnostic d&rsquo;insuffisance veineuse profonde et de planifier le traitement, les patients peuvent avoir besoin d&rsquo;une \u00e9chographie lors de leur premi\u00e8re visite.<\/p>\n<p>Le Dr Ruz utilise des transducteurs \u00e0 ultrasons de haute qualit\u00e9 pour permettre la visualisation des veines en haute d\u00e9finition et pour appliquer la technologie Doppler afin de mesurer le reflux veineux.<\/p>\n<p>Apr\u00e8s le duplex, le Dr Ruz vous proposera des traitements possibles pour vos probl\u00e8mes de sant\u00e9 ou d&rsquo;esth\u00e9tique.[\/vc_column_text]<\/div><div class=\"qode-advanced-tab-container\" id=\"tab-solution-855\" data-icon-pack=\"\" data-icon-html=\"\">[vc_column_text]En choisissant le Dr Ricardo Ruz, vous choisissez un prestataire de soins de sant\u00e9 qui vous assurera les soins les plus r\u00e9cents et de la meilleure qualit\u00e9 possible gr\u00e2ce \u00e0 des technologies m\u00e9dicales de pointe.<\/p>\n<p>Apr\u00e8s un examen physique et, dans certains cas, une \u00e9chographie, le Dr Ruz vous proposera des traitements possibles pour vos affections vasculaires.<\/p>\n<p>Voir ci-dessous toutes les solutions possibles pour l&rsquo;\u00e9tat des <a href=\"#solutions\">varices<\/a>.[\/vc_column_text]<\/div><\/div>[\/vc_column_inner][\/vc_row_inner][\/vc_column][\/vc_row][vc_row css_animation=\u00a0\u00bb\u00a0\u00bb row_type=\u00a0\u00bbrow\u00a0\u00bb use_row_as_full_screen_section=\u00a0\u00bbno\u00a0\u00bb type=\u00a0\u00bbgrid\u00a0\u00bb angled_section=\u00a0\u00bbno\u00a0\u00bb text_align=\u00a0\u00bbleft\u00a0\u00bb background_image_as_pattern=\u00a0\u00bbwithout_pattern\u00a0\u00bb el_id=\u00a0\u00bbsolutions\u00a0\u00bb el_class=\u00a0\u00bbprocedure-box shd z4&Prime; z_index=\u00a0\u00bb\u00a0\u00bb][vc_column]<h2>SOLUTIONS<\/h2><div id=\"problems-gallery\" class=\"griddy-0\"><\/div>[\/vc_column][\/vc_row][vc_row css_animation=\u00a0\u00bb\u00a0\u00bb row_type=\u00a0\u00bbrow\u00a0\u00bb use_row_as_full_screen_section=\u00a0\u00bbno\u00a0\u00bb type=\u00a0\u00bbfull_width\u00a0\u00bb angled_section=\u00a0\u00bbno\u00a0\u00bb text_align=\u00a0\u00bbleft\u00a0\u00bb background_image_as_pattern=\u00a0\u00bbwithout_pattern\u00a0\u00bb][vc_column][vc_raw_js]JTNDc2NyaXB0JTNFJTBBalF1ZXJ5JTI4ZG9jdW1lbnQlMjkucmVhZHklMjhmdW5jdGlvbiUyOCUyNCUyOSU3QiUwQSUyMCUyMCUyNCUyOCUyNyUyM2RpYWclMjBhJTVCaHJlZiUzRCUyMiUyM3NvbHV0aW9ucyUyMiU1RCUyNyUyOS5jbGljayUyOGZ1bmN0aW9uJTI4JTI5JTdCJTBBJTIwJTIwJTIwJTIwJTI0LnNjcm9sbFRvJTI4JTI0JTI4JTI3JTIzc29sdXRpb25zJTI3JTI5Lm9mZnNldCUyOCUyOS50b3AlMjAtJTIwNjAlMkMlMjAxMDAwJTJDJTIwJTIwJTdCZWFzaW5nJTNBJTI3ZWFzZUluT3V0Q3ViaWMlMjclN0QlMjklM0IlMEElMjAlMjAlN0QlMjklM0IlMEElN0QlMjklM0IlMEElM0MlMkZzY3JpcHQlM0U=[\/vc_raw_js][\/vc_column][\/vc_row]<\/p>\n","protected":false},"excerpt":{"rendered":"<p>[vc_row css_animation=\u00a0\u00bb\u00a0\u00bb row_type=\u00a0\u00bbrow\u00a0\u00bb use_row_as_full_screen_section=\u00a0\u00bbno\u00a0\u00bb type=\u00a0\u00bbgrid\u00a0\u00bb angled_section=\u00a0\u00bbno\u00a0\u00bb text_align=\u00a0\u00bbleft\u00a0\u00bb background_image_as_pattern=\u00a0\u00bbwithout_pattern\u00a0\u00bb z_index=\u00a0\u00bb\u00a0\u00bb anchor=\u00a0\u00bbbenefits\u00a0\u00bb el_class=\u00a0\u00bbprocedure-box shd z9 herocond flexed centered\u00a0\u00bb][vc_column width=\u00a0\u00bb1\/2&Prime;][vc_column_text] QU&rsquo;EST-CE QUE LES VARICES ? Les varices sont g\u00e9n\u00e9ralement caus\u00e9es par l&rsquo;arr\u00eat du fonctionnement des valves de pompage. Elles peuvent appara\u00eetre sur\u00e9lev\u00e9es par rapport \u00e0 la peau (g\u00e9n\u00e9ralement&#8230;<\/p>\n","protected":false},"author":1,"featured_media":0,"parent":0,"menu_order":0,"comment_status":"closed","ping_status":"closed","template":"full_width.php","meta":{"footnotes":""},"acf":[],"yoast_head":"<!-- This site is optimized with the Yoast SEO plugin v21.1 - https:\/\/yoast.com\/wordpress\/plugins\/seo\/ -->\n<title>Varicose Veins Causes &amp; Treatment in Montreal by Vascular Surgeon<\/title>\n<meta name=\"description\" content=\"Varicose Veins Treatment in Montreal by Sclerotherapy, Foam Sclerotherapy, Echo endosclerotherapy, Venaseal. Causes, Diagnostics, Solutions by Dr Ricardo Ruz\" \/>\n<meta name=\"robots\" content=\"index, follow, max-snippet:-1, max-image-preview:large, max-video-preview:-1\" \/>\n<link rel=\"canonical\" href=\"https:\/\/drricardoruz.com\/fr\/varicose-veins\/\" \/>\n<meta property=\"og:locale\" content=\"fr_FR\" \/>\n<meta property=\"og:type\" content=\"article\" \/>\n<meta property=\"og:title\" content=\"Varicose Veins Causes &amp; Treatment in Montreal by Vascular Surgeon\" \/>\n<meta property=\"og:description\" content=\"Varicose Veins Treatment in Montreal by Sclerotherapy, Foam Sclerotherapy, Echo endosclerotherapy, Venaseal. Causes, Diagnostics, Solutions by Dr Ricardo Ruz\" \/>\n<meta property=\"og:url\" content=\"https:\/\/drricardoruz.com\/fr\/varicose-veins\/\" \/>\n<meta property=\"og:site_name\" content=\"Dr. Ricardo Ruz\" \/>\n<meta property=\"article:publisher\" content=\"https:\/\/www.facebook.com\/vasculardoctormontreal\/\" \/>\n<meta property=\"article:modified_time\" content=\"2023-09-12T15:57:36+00:00\" \/>\n<meta property=\"og:image\" content=\"https:\/\/drricardoruz.com\/wp-content\/uploads\/2019\/06\/ruz-social.jpg\" \/>\n\t<meta property=\"og:image:width\" content=\"1200\" \/>\n\t<meta property=\"og:image:height\" content=\"628\" \/>\n\t<meta property=\"og:image:type\" content=\"image\/jpeg\" \/>\n<meta name=\"twitter:card\" content=\"summary_large_image\" \/>\n<meta name=\"twitter:label1\" content=\"Dur\u00e9e de lecture estim\u00e9e\" \/>\n\t<meta name=\"twitter:data1\" content=\"1 minute\" \/>\n<script type=\"application\/ld+json\" class=\"yoast-schema-graph\">{\"@context\":\"https:\/\/schema.org\",\"@graph\":[{\"@type\":\"WebPage\",\"@id\":\"https:\/\/drricardoruz.com\/fr\/varicose-veins\/\",\"url\":\"https:\/\/drricardoruz.com\/fr\/varicose-veins\/\",\"name\":\"Varicose Veins Causes & Treatment in Montreal by Vascular Surgeon\",\"isPartOf\":{\"@id\":\"https:\/\/drricardoruz.com\/fr\/#website\"},\"datePublished\":\"2019-06-12T12:36:38+00:00\",\"dateModified\":\"2023-09-12T15:57:36+00:00\",\"description\":\"Varicose Veins Treatment in Montreal by Sclerotherapy, Foam Sclerotherapy, Echo endosclerotherapy, Venaseal. Causes, Diagnostics, Solutions by Dr Ricardo Ruz\",\"breadcrumb\":{\"@id\":\"https:\/\/drricardoruz.com\/fr\/varicose-veins\/#breadcrumb\"},\"inLanguage\":\"fr-FR\",\"potentialAction\":[{\"@type\":\"ReadAction\",\"target\":[\"https:\/\/drricardoruz.com\/fr\/varicose-veins\/\"]}]},{\"@type\":\"BreadcrumbList\",\"@id\":\"https:\/\/drricardoruz.com\/fr\/varicose-veins\/#breadcrumb\",\"itemListElement\":[{\"@type\":\"ListItem\",\"position\":1,\"name\":\"Home\",\"item\":\"https:\/\/drricardoruz.com\/fr\/\"},{\"@type\":\"ListItem\",\"position\":2,\"name\":\"Varicose veins\"}]},{\"@type\":\"WebSite\",\"@id\":\"https:\/\/drricardoruz.com\/fr\/#website\",\"url\":\"https:\/\/drricardoruz.com\/fr\/\",\"name\":\"Dr. Ricardo Ruz\",\"description\":\"Just another WordPress site\",\"potentialAction\":[{\"@type\":\"SearchAction\",\"target\":{\"@type\":\"EntryPoint\",\"urlTemplate\":\"https:\/\/drricardoruz.com\/fr\/?s={search_term_string}\"},\"query-input\":\"required name=search_term_string\"}],\"inLanguage\":\"fr-FR\"}]}<\/script>\n<!-- \/ Yoast SEO plugin. -->","yoast_head_json":{"title":"Varicose Veins Causes & Treatment in Montreal by Vascular Surgeon","description":"Varicose Veins Treatment in Montreal by Sclerotherapy, Foam Sclerotherapy, Echo endosclerotherapy, Venaseal. Causes, Diagnostics, Solutions by Dr Ricardo Ruz","robots":{"index":"index","follow":"follow","max-snippet":"max-snippet:-1","max-image-preview":"max-image-preview:large","max-video-preview":"max-video-preview:-1"},"canonical":"https:\/\/drricardoruz.com\/fr\/varicose-veins\/","og_locale":"fr_FR","og_type":"article","og_title":"Varicose Veins Causes & Treatment in Montreal by Vascular Surgeon","og_description":"Varicose Veins Treatment in Montreal by Sclerotherapy, Foam Sclerotherapy, Echo endosclerotherapy, Venaseal. Causes, Diagnostics, Solutions by Dr Ricardo Ruz","og_url":"https:\/\/drricardoruz.com\/fr\/varicose-veins\/","og_site_name":"Dr. Ricardo Ruz","article_publisher":"https:\/\/www.facebook.com\/vasculardoctormontreal\/","article_modified_time":"2023-09-12T15:57:36+00:00","og_image":[{"width":1200,"height":628,"url":"https:\/\/drricardoruz.com\/wp-content\/uploads\/2019\/06\/ruz-social.jpg","type":"image\/jpeg"}],"twitter_card":"summary_large_image","twitter_misc":{"Dur\u00e9e de lecture estim\u00e9e":"1 minute"},"schema":{"@context":"https:\/\/schema.org","@graph":[{"@type":"WebPage","@id":"https:\/\/drricardoruz.com\/fr\/varicose-veins\/","url":"https:\/\/drricardoruz.com\/fr\/varicose-veins\/","name":"Varicose Veins Causes & Treatment in Montreal by Vascular Surgeon","isPartOf":{"@id":"https:\/\/drricardoruz.com\/fr\/#website"},"datePublished":"2019-06-12T12:36:38+00:00","dateModified":"2023-09-12T15:57:36+00:00","description":"Varicose Veins Treatment in Montreal by Sclerotherapy, Foam Sclerotherapy, Echo endosclerotherapy, Venaseal. Causes, Diagnostics, Solutions by Dr Ricardo Ruz","breadcrumb":{"@id":"https:\/\/drricardoruz.com\/fr\/varicose-veins\/#breadcrumb"},"inLanguage":"fr-FR","potentialAction":[{"@type":"ReadAction","target":["https:\/\/drricardoruz.com\/fr\/varicose-veins\/"]}]},{"@type":"BreadcrumbList","@id":"https:\/\/drricardoruz.com\/fr\/varicose-veins\/#breadcrumb","itemListElement":[{"@type":"ListItem","position":1,"name":"Home","item":"https:\/\/drricardoruz.com\/fr\/"},{"@type":"ListItem","position":2,"name":"Varicose veins"}]},{"@type":"WebSite","@id":"https:\/\/drricardoruz.com\/fr\/#website","url":"https:\/\/drricardoruz.com\/fr\/","name":"Dr. Ricardo Ruz","description":"Just another WordPress site","potentialAction":[{"@type":"SearchAction","target":{"@type":"EntryPoint","urlTemplate":"https:\/\/drricardoruz.com\/fr\/?s={search_term_string}"},"query-input":"required name=search_term_string"}],"inLanguage":"fr-FR"}]}},"_links":{"self":[{"href":"https:\/\/drricardoruz.com\/fr\/wp-json\/wp\/v2\/pages\/1041"}],"collection":[{"href":"https:\/\/drricardoruz.com\/fr\/wp-json\/wp\/v2\/pages"}],"about":[{"href":"https:\/\/drricardoruz.com\/fr\/wp-json\/wp\/v2\/types\/page"}],"author":[{"embeddable":true,"href":"https:\/\/drricardoruz.com\/fr\/wp-json\/wp\/v2\/users\/1"}],"replies":[{"embeddable":true,"href":"https:\/\/drricardoruz.com\/fr\/wp-json\/wp\/v2\/comments?post=1041"}],"version-history":[{"count":3,"href":"https:\/\/drricardoruz.com\/fr\/wp-json\/wp\/v2\/pages\/1041\/revisions"}],"predecessor-version":[{"id":1044,"href":"https:\/\/drricardoruz.com\/fr\/wp-json\/wp\/v2\/pages\/1041\/revisions\/1044"}],"wp:attachment":[{"href":"https:\/\/drricardoruz.com\/fr\/wp-json\/wp\/v2\/media?parent=1041"}],"curies":[{"name":"wp","href":"https:\/\/api.w.org\/{rel}","templated":true}]}}